{"id":10,"date":"2012-01-18T16:06:09","date_gmt":"2012-01-18T16:06:09","guid":{"rendered":"http:\/\/wp2008.ius.bg.ac.rs\/bac2012\/?page_id=10"},"modified":"2026-03-20T02:08:47","modified_gmt":"2026-03-20T02:08:47","slug":"program","status":"publish","type":"page","link":"http:\/\/wp2008.ius.bg.ac.rs\/bac2012\/program\/","title":{"rendered":"Program"},"content":{"rendered":"<table width=\"662\">\n<tbody>\n<tr>\n<td colspan=\"3\" width=\"662\"><strong>XVI BELGRADE ARBITRATION CONFERENCE MENU<\/strong><\/p>\n<p><strong>20 March 2026<\/strong><\/p>\n<p><em>University of Belgrade Faculty of Law<\/em><\/td>\n<\/tr>\n<tr>\n<td colspan=\"3\" width=\"662\">13:00 &#8211; 13:20<\/p>\n<p><strong>Welcome Address by the Organizers<\/strong><\/td>\n<\/tr>\n<tr>\n<td colspan=\"3\" width=\"662\"><em>Followed by<\/em><\/p>\n<p>Keynote Address by <span style=\"text-decoration: underline\"><a href=\"https:\/\/mcl-arbitration.com\/team\/alexis-mourre-en\/\">Alexis MOURRE<\/a><\/span><\/p>\n<p><strong><em>A Look at the future of arbitral procedure: between change and continuity<\/em><\/strong><\/td>\n<\/tr>\n<tr>\n<td colspan=\"3\" width=\"662\">13:40- 15:30<\/p>\n<p><strong>I PANEL \u2013 What\u2019s cooking in your (arbitration) kitchen?<\/strong><\/td>\n<\/tr>\n<tr>\n<td width=\"221\"><strong>Chair:<\/strong><\/p>\n<p><a href=\"https:\/\/www.uni-heidelberg.de\/en\/newsroom\/thomas-pfeiffer-is-new-president-of-german-arbitration-institute\">Prof. Thomas PFEIFFER<\/a><\/td>\n<td colspan=\"2\" width=\"441\">DIS \/ Heidelberg University<br \/>\n\/GERMANY<\/td>\n<\/tr>\n<tr>\n<td width=\"221\"><a href=\"https:\/\/www.kinstellar.com\/our-team\/detail\/ezer-marius\">Marius EZER<\/a><\/p>\n<p>&nbsp;<\/td>\n<td width=\"191\">Kinstellar<br \/>\n\/ROMANIA<\/td>\n<td rowspan=\"6\" width=\"251\"><em>with focus on how institutions adapt to the changed circumstances in the world, and how that is reflected in their rules and practices, recent developments in arbitration related soft law, court decisions in different jurisdictions regarding arbitration, interplay between EU law and arbitration, expedited proceedings,\u00a0 diversity and generational change in arbitrator appointments, and much more.<\/em><\/td>\n<\/tr>\n<tr>\n<td width=\"221\"><a href=\"https:\/\/www.bakermckenzie.com\/en\/people\/h\/haller-heiko-alexander\">Heiko HALLER<\/a><\/td>\n<td width=\"191\">BakerMcKenzie<br \/>\n\/GERMANY<\/td>\n<\/tr>\n<tr>\n<td width=\"221\"><a href=\"https:\/\/www.schoenherr.eu\/people\/detail\/petar-vucinic\">Petar VU\u010cINI\u0106<\/a><\/p>\n<p>&nbsp;<\/td>\n<td width=\"191\">Schoenherr<br \/>\n\/MONTENEGRO<\/td>\n<\/tr>\n<tr>\n<td width=\"221\"><a href=\"https:\/\/queritius.com\/our-team\/dragana-nikolic\/\">Dragana NIKOLI\u0106<\/a><\/td>\n<td width=\"191\">Queritius<br \/>\n\/SERBIA<\/td>\n<\/tr>\n<tr>\n<td width=\"221\"><a href=\"https:\/\/www.nstlaw.rs\/our-team\/\">Nenad STANKOVI\u0106<\/a><\/td>\n<td width=\"191\">NSTlaw<br \/>\n\/SERBIA<\/td>\n<\/tr>\n<tr>\n<td width=\"221\"><strong>\u00a0<\/strong><\/p>\n<p><a href=\"https:\/\/www.viac.eu\/en\/about-viac\/structure-at-a-glance\/viac-secretariat\/\">Niamh LEINWATHER<\/a><\/p>\n<p>&nbsp;<\/td>\n<td width=\"191\">VIAC<br \/>\n\/AUSTRIA<\/td>\n<\/tr>\n<tr>\n<td colspan=\"3\" width=\"662\"><strong>Discussion<\/strong><\/td>\n<\/tr>\n<\/tbody>\n<\/table>\n<p><em>\u00a015:30-15:50 coffee break<\/em><\/p>\n<table width=\"660\">\n<tbody>\n<tr>\n<td colspan=\"3\" width=\"660\">15:50-17:30<\/p>\n<p><strong>II PANEL \u2013 \u00a0Specials of the day<\/strong><\/td>\n<\/tr>\n<tr>\n<td width=\"228\"><strong>Chair:<\/strong><\/p>\n<p><a href=\"https:\/\/nkp.rs\/team-member\/tanja-sumar\/\">Tanja \u0160UMAR<\/a><\/td>\n<td colspan=\"2\" width=\"432\">Nik\u010devi\u0107 | Kapor<br \/>\n\/SERBIA<\/td>\n<\/tr>\n<tr>\n<td width=\"228\"><a href=\"https:\/\/hr.linkedin.com\/in\/borna-dejanovic\">Borna DEJANOVI\u0106<\/a><\/p>\n<p>&nbsp;<\/td>\n<td width=\"186\">Wolf Theiss<br \/>\n\/CROATIA<\/td>\n<td rowspan=\"5\" width=\"246\"><em>on different \u2018hot topics\u2019 in arbitration, including\u00a0\u00a0arbitration in the shadow of sanctions regimes, parallel criminal investigations and their impact on arbitral proceedings, AI in arbitration, digital evidence and deepfakes, social media, publicity and reputational strategy during arbitration, and much more.<\/em><\/td>\n<\/tr>\n<tr>\n<td width=\"228\"><a href=\"https:\/\/bdkadvokati.com\/people\/relja-radovic\">Relja RADOVI\u0106<\/a><\/p>\n<p>&nbsp;<\/td>\n<td width=\"186\">BDK Advokati<br \/>\n\/SERBIA<\/td>\n<\/tr>\n<tr>\n<td width=\"228\"><a href=\"https:\/\/www.ilej-partners.com\/people\/petra-marijanovic\/\">Petra MARJANOVI\u0106<\/a><\/p>\n<p>&nbsp;<\/td>\n<td width=\"186\">Ilej &amp; Partners<br \/>\n\/CROATIA<\/td>\n<\/tr>\n<tr>\n<td width=\"228\"><a href=\"https:\/\/cms.law\/en\/deu\/people\/nika-rassadina\">Nika RASSADINA<\/a><\/p>\n<p>&nbsp;<\/td>\n<td width=\"186\">CMS<br \/>\n\/GERMANY<\/td>\n<\/tr>\n<tr>\n<td width=\"228\"><a href=\"https:\/\/www.gbsdisputes.com\/team\/marija-sobat\/\">Marija \u0160OBAT<\/a><\/p>\n<p>&nbsp;<\/td>\n<td width=\"186\">GBS Disputes<br \/>\n\/FRANCE<\/td>\n<\/tr>\n<\/tbody>\n<\/table>\n<p><strong>Discussion<\/strong><\/p>\n<p><em>17:30-17:50 coffee break<\/em><\/p>\n<table width=\"666\">\n<tbody>\n<tr>\n<td colspan=\"3\" width=\"666\">17:50-19:30<\/p>\n<p><strong>III PANEL \u2013 Bill, please<\/strong><\/td>\n<\/tr>\n<tr>\n<td width=\"221\"><strong>Chair:<\/strong><\/p>\n<p><a href=\"https:\/\/www.karanovicpartners.com\/people\/?lawyer=filip-susulic\">Filip \u0160U\u0160ULI\u0106<\/a><\/td>\n<td width=\"191\">Karanovi\u0107 &amp; Partners<br \/>\n\/SERBIA<\/td>\n<td width=\"255\"><\/td>\n<\/tr>\n<tr>\n<td width=\"221\"><a href=\"https:\/\/www.wilmerhale.com\/en\/people\/louisa-salmon\">Louisa SALMON<\/a><\/p>\n<p>&nbsp;<\/td>\n<td width=\"191\">WilmerHale<br \/>\n\/UK<\/td>\n<td rowspan=\"5\" width=\"255\"><em>with focus on costs of arbitration including cost allocations, security for costs, insolvency or impecunious parties, third party funding and its effect on costs, success fee arrangements and alternative fee arrangements, controlling costs, cost submissions, and much more.<\/em><\/td>\n<\/tr>\n<tr>\n<td width=\"221\"><a href=\"https:\/\/wordstone.com\/team\/audrey-caminades\/\">Audrey CAMINADES<\/a><\/p>\n<p>&nbsp;<\/td>\n<td width=\"191\">Wordstone<br \/>\n\/FRANCE<\/td>\n<\/tr>\n<tr>\n<td width=\"221\"><a href=\"https:\/\/woods.qc.ca\/en\/team\/dina-prokic\">Dina PROKI\u0106<\/a><\/p>\n<p>&nbsp;<\/td>\n<td width=\"191\">Woods<br \/>\n\/CANADA<\/td>\n<\/tr>\n<tr>\n<td width=\"221\"><a href=\"https:\/\/www.hugheshubbard.com\/attorneys\/alexander-marcopoulos\">Alexander MARCOPOULOS<\/a><\/p>\n<p>&nbsp;<\/td>\n<td width=\"191\">Hughes Hubbard &amp; Reed<br \/>\n\/FRANCE<\/td>\n<\/tr>\n<tr>\n<td width=\"221\"><a href=\"https:\/\/peterandkim.com\/team\/flavio-peter\/\">Flavio PETER<\/a><\/p>\n<p>&nbsp;<\/td>\n<td width=\"191\">Peter &amp; Kim<br \/>\n\/SWITZERLAND<\/td>\n<\/tr>\n<tr>\n<td colspan=\"3\" width=\"666\"><strong>Discussion<\/strong><\/td>\n<\/tr>\n<tr>\n<td colspan=\"3\" width=\"666\"><em>Followed by<\/em><\/p>\n<p>Keynote Address by <a href=\"https:\/\/ius.unibas.ch\/en\/persons\/ulrich-g-schroeter\/\">Prof. Ulrich SCHROETER<\/a><\/p>\n<p><strong><em>Surprises in international trade: between strict liability and narrow exemptions<\/em><\/strong><\/td>\n<\/tr>\n<tr>\n<td colspan=\"3\" width=\"666\"><strong>19:50 Opening of XVIII Belgrade Open Pre-Moot and cocktail<\/strong><\/td>\n<\/tr>\n<\/tbody>\n<\/table>\n<p>&nbsp;<\/p>\n","protected":false},"excerpt":{"rendered":"<p>XVI BELGRADE ARBITRATION CONFERENCE MENU 20 March 2026 University of Belgrade Faculty of Law 13:00 &#8211; 13:20 Welcome Address by the Organizers Followed by Keynote Address by Alexis MOURRE A Look at the future of arbitral procedure: between change and continuity 13:40- 15:30 I PANEL \u2013 What\u2019s cooking in your (arbitration) kitchen? Chair: Prof. Thomas [&hellip;]<\/p>\n","protected":false},"author":1,"featured_media":0,"parent":0,"menu_order":0,"comment_status":"closed","ping_status":"closed","template":"","meta":{"footnotes":""},"class_list":["post-10","page","type-page","status-publish","hentry"],"_links":{"self":[{"href":"http:\/\/wp2008.ius.bg.ac.rs\/bac2012\/wp-json\/wp\/v2\/pages\/10","targetHints":{"allow":["GET"]}}],"collection":[{"href":"http:\/\/wp2008.ius.bg.ac.rs\/bac2012\/wp-json\/wp\/v2\/pages"}],"about":[{"href":"http:\/\/wp2008.ius.bg.ac.rs\/bac2012\/wp-json\/wp\/v2\/types\/page"}],"author":[{"embeddable":true,"href":"http:\/\/wp2008.ius.bg.ac.rs\/bac2012\/wp-json\/wp\/v2\/users\/1"}],"replies":[{"embeddable":true,"href":"http:\/\/wp2008.ius.bg.ac.rs\/bac2012\/wp-json\/wp\/v2\/comments?post=10"}],"version-history":[{"count":119,"href":"http:\/\/wp2008.ius.bg.ac.rs\/bac2012\/wp-json\/wp\/v2\/pages\/10\/revisions"}],"predecessor-version":[{"id":976,"href":"http:\/\/wp2008.ius.bg.ac.rs\/bac2012\/wp-json\/wp\/v2\/pages\/10\/revisions\/976"}],"wp:attachment":[{"href":"http:\/\/wp2008.ius.bg.ac.rs\/bac2012\/wp-json\/wp\/v2\/media?parent=10"}],"curies":[{"name":"wp","href":"https:\/\/api.w.org\/{rel}","templated":true}]}}