{"id":45,"date":"2012-02-02T12:58:54","date_gmt":"2012-02-02T12:58:54","guid":{"rendered":"http:\/\/wp2008.ius.bg.ac.rs\/klinika01\/?page_id=45"},"modified":"2013-10-23T09:13:22","modified_gmt":"2013-10-23T09:13:22","slug":"kontakt","status":"publish","type":"page","link":"http:\/\/wp2008.ius.bg.ac.rs\/klinika01\/kontakt\/","title":{"rendered":"Kontakt"},"content":{"rendered":"<p><!--:en-->Doc. dr Ivana Krsti\u0107<br \/>\nKoordinatorka Pravne klinike za suzbijanje trgovine ljudima<br \/>\nPravni fakultet Univerziteta u Beogradu<br \/>\nBulevar kralja Aleksandra 67, 11000 Beograd<br \/>\nkabinet 419<br \/>\ne-mail adresa: ikrstic@ius.bg.ac.rs<\/p>\n<\/ol>\n<p>Asistent dr Bojana \u010cu\u010dkovi\u0107<br \/>\nSekretar Pravne klinike za suzbijanje trgovine ljudima<br \/>\nPravni fakultet Univerziteta u Beogradu<br \/>\nBulevar kralja Aleksandra 67, 11000 Beograd<br \/>\nkabinet 403<br \/>\ne-mail adresa: cuckovic@ius.bg.ac.rs<\/p>\n<p><!--:--><\/p>\n","protected":false},"excerpt":{"rendered":"<p>Doc. dr Ivana Krsti\u0107 Koordinatorka Pravne klinike za suzbijanje trgovine ljudima Pravni fakultet Univerziteta u Beogradu Bulevar kralja Aleksandra 67, 11000 Beograd kabinet 419 e-mail adresa: ikrstic@ius.bg.ac.rs Asistent dr Bojana \u010cu\u010dkovi\u0107 Sekretar Pravne klinike za suzbijanje trgovine ljudima Pravni fakultet Univerziteta u Beogradu Bulevar kralja Aleksandra 67, 11000 Beograd kabinet 403 e-mail adresa: cuckovic@ius.bg.ac.rs<\/p>\n","protected":false},"author":6,"featured_media":0,"parent":0,"menu_order":5,"comment_status":"closed","ping_status":"closed","template":"","meta":{"footnotes":""},"class_list":["post-45","page","type-page","status-publish","hentry"],"_links":{"self":[{"href":"http:\/\/wp2008.ius.bg.ac.rs\/klinika01\/wp-json\/wp\/v2\/pages\/45","targetHints":{"allow":["GET"]}}],"collection":[{"href":"http:\/\/wp2008.ius.bg.ac.rs\/klinika01\/wp-json\/wp\/v2\/pages"}],"about":[{"href":"http:\/\/wp2008.ius.bg.ac.rs\/klinika01\/wp-json\/wp\/v2\/types\/page"}],"author":[{"embeddable":true,"href":"http:\/\/wp2008.ius.bg.ac.rs\/klinika01\/wp-json\/wp\/v2\/users\/6"}],"replies":[{"embeddable":true,"href":"http:\/\/wp2008.ius.bg.ac.rs\/klinika01\/wp-json\/wp\/v2\/comments?post=45"}],"version-history":[{"count":7,"href":"http:\/\/wp2008.ius.bg.ac.rs\/klinika01\/wp-json\/wp\/v2\/pages\/45\/revisions"}],"predecessor-version":[{"id":511,"href":"http:\/\/wp2008.ius.bg.ac.rs\/klinika01\/wp-json\/wp\/v2\/pages\/45\/revisions\/511"}],"wp:attachment":[{"href":"http:\/\/wp2008.ius.bg.ac.rs\/klinika01\/wp-json\/wp\/v2\/media?parent=45"}],"curies":[{"name":"wp","href":"https:\/\/api.w.org\/{rel}","templated":true}]}}