{"id":8,"date":"2012-02-01T16:33:35","date_gmt":"2012-02-01T16:33:35","guid":{"rendered":"http:\/\/wp2008.ius.bg.ac.rs\/klinika01\/?page_id=8"},"modified":"2013-10-23T09:13:22","modified_gmt":"2013-10-23T09:13:22","slug":"o-nama","status":"publish","type":"page","link":"http:\/\/wp2008.ius.bg.ac.rs\/klinika01\/o-nama\/","title":{"rendered":"O nama"},"content":{"rendered":"<p><!--:en-->Pravna klinika za suzbijanje trgovine ljudima nastala je 2010. godine kao deo projekta UN.GIFT Srbija, zajedni\u010dkog programa za borbu protiv trgovine ljudima Visokog Komesarijata za izbeglice\u00a0 Ujedinjenih Nacija (UNHCR), Me\u0111unarodne organizacije za migracije (IOM) i Kancelarije Ujedinjenih nacija za borbu protiv narkotika i organizovanog kriminala (UNODC) u Srbiji, pod pokroviteljstvom Globalne inicijative Ujedinjenih nacija za borbu protiv trgovine ljudima.<\/p>\n<p>Cilj Pravne klinike je da se studenti upoznaju sa razmerama problema trgovine ljudima kao i da se obu\u010de za pru\u017eanje pravne pomo\u0107i \u017ertvama trgovine ljudima.<\/p>\n<p>Program Pravne klinike za suzbijanje trgovine ljudima traje dva semestra. U prvom semestru odvija se teorijska obuka. Nastavu na Klinici dr\u017ee nastavnici i saradnici Pravnog fakulteta, Kriminalisti\u010dko-policijske akademije, Nacionalni koordinator za borbu protiv trgovine ljudima Republike Srbije, sudije, tu\u017eioci, inspektori Ministarstva unutra\u0161njih poslova, Slu\u017eba za za\u0161titu \u017ertava trgovine ljudima, UNHCR, nevladina organizacija ASTRA i nevladina organizacija ATINA. Tokom drugog semestra polaznici Pravne klinike obavljaju praksu u relevantnim dr\u017eavnim ustanovama i nevladinim organizacijama. Praksa je specifi\u010dna zbog nepostojanja mogu\u0107nosti da studenti do\u0111u u neposredan kontakt sa samim \u017ertvama trgovine ljudima. Praksa je organizovana u dva segmenta. Prvi se sastoji u prisustvovanju su\u0111enjima u predmetima koji su u vezi sa trgovinom ljudima. Drugi vid prakse se ogleda u radu i praksi u\u00a0nevladinoj organizaciji\u00a0ASTRA i\u00a0nevladinoj organizaciji\u00a0ATINA. Studenti rade na predmetima u koje su uklju\u010dene partnerske organizacije, poma\u017eu u izradi pravnih akata, sprovode istra\u017eivanja u cilju prevencije trgovine ljudima, u\u010destvuju u analizi relevantne sudske prakse i izra\u0111uju izve\u0161taje o praksi.<\/p>\n<p>Pored predavanja na samom Fakultetu, studenti imaju priliku da prisustvuju brojnim tribinama, seminarima i predavanjima o trgovini ljudima.<\/p>\n<div>\u00a0<\/div>\n<p><!--:--><\/p>\n","protected":false},"excerpt":{"rendered":"<p>Pravna klinika za suzbijanje trgovine ljudima nastala je 2010. godine kao deo projekta UN.GIFT Srbija, zajedni\u010dkog programa za borbu protiv trgovine ljudima Visokog Komesarijata za izbeglice\u00a0 Ujedinjenih Nacija (UNHCR), Me\u0111unarodne organizacije za migracije (IOM) i Kancelarije Ujedinjenih nacija za borbu protiv narkotika i organizovanog kriminala (UNODC) u Srbiji, pod pokroviteljstvom Globalne inicijative Ujedinjenih nacija za &hellip; <a href=\"http:\/\/wp2008.ius.bg.ac.rs\/klinika01\/o-nama\/\" class=\"more-link\">Continue reading <span class=\"screen-reader-text\">O nama<\/span> <span class=\"meta-nav\">&rarr;<\/span><\/a><\/p>\n","protected":false},"author":6,"featured_media":0,"parent":0,"menu_order":0,"comment_status":"closed","ping_status":"closed","template":"sidebar-page.php","meta":{"footnotes":""},"class_list":["post-8","page","type-page","status-publish","hentry"],"_links":{"self":[{"href":"http:\/\/wp2008.ius.bg.ac.rs\/klinika01\/wp-json\/wp\/v2\/pages\/8","targetHints":{"allow":["GET"]}}],"collection":[{"href":"http:\/\/wp2008.ius.bg.ac.rs\/klinika01\/wp-json\/wp\/v2\/pages"}],"about":[{"href":"http:\/\/wp2008.ius.bg.ac.rs\/klinika01\/wp-json\/wp\/v2\/types\/page"}],"author":[{"embeddable":true,"href":"http:\/\/wp2008.ius.bg.ac.rs\/klinika01\/wp-json\/wp\/v2\/users\/6"}],"replies":[{"embeddable":true,"href":"http:\/\/wp2008.ius.bg.ac.rs\/klinika01\/wp-json\/wp\/v2\/comments?post=8"}],"version-history":[{"count":4,"href":"http:\/\/wp2008.ius.bg.ac.rs\/klinika01\/wp-json\/wp\/v2\/pages\/8\/revisions"}],"predecessor-version":[{"id":81,"href":"http:\/\/wp2008.ius.bg.ac.rs\/klinika01\/wp-json\/wp\/v2\/pages\/8\/revisions\/81"}],"wp:attachment":[{"href":"http:\/\/wp2008.ius.bg.ac.rs\/klinika01\/wp-json\/wp\/v2\/media?parent=8"}],"curies":[{"name":"wp","href":"https:\/\/api.w.org\/{rel}","templated":true}]}}