{"id":2,"date":"2012-05-28T09:30:43","date_gmt":"2012-05-28T09:30:43","guid":{"rendered":"http:\/\/wp2008.ius.bg.ac.rs\/pejovich\/?page_id=2"},"modified":"2012-08-21T12:01:03","modified_gmt":"2012-08-21T12:01:03","slug":"committee","status":"publish","type":"page","link":"http:\/\/wp2008.ius.bg.ac.rs\/pejovich\/committee\/","title":{"rendered":"Organization &amp; Program Committee"},"content":{"rendered":"<p style=\"text-align: justify;\"><span style=\"color: #3366ff;\"><strong>Organization Committee: <\/strong><\/span><\/p>\n<p style=\"text-align: justify;\"><strong><\/strong>Professor Aleksandra Jovanovi\u0107, President of the Organization Committee, University of Belgrade, Professor Miroljub Labus, University of Belgrade, Professor Emilija Vukadin, University of Belgrade, Professor Leonard Liggio, George Mason University, USA and Atlas Economic Research Foundation, USA, Dr. John Moore, President Emeritus of Grove City College, USA, Dr. Edwin Feulner, President of the Heritage Foundation, USA, Professor Veselin Vukoti\u0107, President of the University of Donja Gorica, Montenegro, Dr. Frederic Fransen, Donor Advising, Research &amp; Educational Services, USA.<\/p>\n<p style=\"text-align: justify;\"><span style=\"color: #3366ff;\"><strong>Program Committee:<\/strong><\/span><\/p>\n<p style=\"text-align: justify;\">Professor Ljubomir Mad\u017ear, President of the Program Committee, University of Belgrade, Professor Aleksandra Jovanovi\u0107, University of Belgrade, Professor Boris Begovi\u0107, University of Belgrade, Professor Mili\u0107 Milovanovi\u0107, University of Belgrade, Professor Leonard Liggio, George Mason University and Atlas Economic Research Foundation, USA, Dr. John Moore, President Emeritus of Grove City College, USA,\u00a0 Professor Veselin Vukoti\u0107, President of\u00a0 the University of Donja Gorica, Montenegro, Dr. Barbara Kolm, F.A.v. Hayek Institut, Vienna, Dr. Miroslav Prokopijevi\u0107, Institute for European Studies, Professor Katarina Zajc, University of Ljubljana, Slovenia.<\/p>\n","protected":false},"excerpt":{"rendered":"<p>Organization Committee: Professor Aleksandra Jovanovi\u0107, President of the Organization Committee, University of Belgrade, Professor Miroljub Labus, University of Belgrade, Professor Emilija Vukadin, University of Belgrade, Professor Leonard Liggio, George Mason University, USA and Atlas Economic Research Foundation, USA, Dr. John &hellip; <a href=\"http:\/\/wp2008.ius.bg.ac.rs\/pejovich\/committee\/\">Continue reading <span class=\"meta-nav\">&rarr;<\/span><\/a><\/p>\n","protected":false},"author":8,"featured_media":0,"parent":0,"menu_order":2,"comment_status":"closed","ping_status":"closed","template":"onecolumn-page.php","meta":{"footnotes":""},"class_list":["post-2","page","type-page","status-publish","hentry"],"_links":{"self":[{"href":"http:\/\/wp2008.ius.bg.ac.rs\/pejovich\/wp-json\/wp\/v2\/pages\/2","targetHints":{"allow":["GET"]}}],"collection":[{"href":"http:\/\/wp2008.ius.bg.ac.rs\/pejovich\/wp-json\/wp\/v2\/pages"}],"about":[{"href":"http:\/\/wp2008.ius.bg.ac.rs\/pejovich\/wp-json\/wp\/v2\/types\/page"}],"author":[{"embeddable":true,"href":"http:\/\/wp2008.ius.bg.ac.rs\/pejovich\/wp-json\/wp\/v2\/users\/8"}],"replies":[{"embeddable":true,"href":"http:\/\/wp2008.ius.bg.ac.rs\/pejovich\/wp-json\/wp\/v2\/comments?post=2"}],"version-history":[{"count":9,"href":"http:\/\/wp2008.ius.bg.ac.rs\/pejovich\/wp-json\/wp\/v2\/pages\/2\/revisions"}],"predecessor-version":[{"id":151,"href":"http:\/\/wp2008.ius.bg.ac.rs\/pejovich\/wp-json\/wp\/v2\/pages\/2\/revisions\/151"}],"wp:attachment":[{"href":"http:\/\/wp2008.ius.bg.ac.rs\/pejovich\/wp-json\/wp\/v2\/media?parent=2"}],"curies":[{"name":"wp","href":"https:\/\/api.w.org\/{rel}","templated":true}]}}