{"id":22,"date":"2022-11-03T12:59:36","date_gmt":"2022-11-03T12:59:36","guid":{"rendered":"http:\/\/wp2008.ius.bg.ac.rs\/knezmihailo\/?page_id=22"},"modified":"2022-11-04T11:58:14","modified_gmt":"2022-11-04T11:58:14","slug":"organising-committee","status":"publish","type":"page","link":"https:\/\/wp2008.ius.bg.ac.rs\/knezmihailo\/en\/organising-committee\/","title":{"rendered":"Organising Committee"},"content":{"rendered":"<ul>\n<li>Prof. Dr Zoran S. Mirkovi\u0107, Dean of the University of Belgrade Faculty of Law, Chairman of the Organising Committee<\/li>\n<li>Emeritus Prof. Dr Sima Avramovi\u0107, University of Belgrade Faculty of Law<\/li>\n<li>Prof. Dr Rado\u0161 Lju\u0161i\u0107, University of Belgrade Faculty of Philosophy<\/li>\n<li>Dr Ljubodrag P. Risti\u0107, research professor, Institute for Balkan Studies of the SASA<\/li>\n<li>Prof. Dr Suzana Raji\u0107, University of Belgrade Faculty of Philosophy<\/li>\n<li>Dr Du\u0161ica Boji\u0107, Director of the Historical Museum of Serbia<\/li>\n<li>Prof. Dr Danko Leovac, University of Belgrade Faculty of Philosophy<\/li>\n<li>Assist. Prof. Dr Nina Kr\u0161ljanin, University of Belgrade Faculty of Law<\/li>\n<li>\u0110or\u0111e Stepi\u0107, LLM, University of Belgrade Faculty of Law, secretary of the Organising Committee<\/li>\n<\/ul>\n","protected":false},"excerpt":{"rendered":"<p>Prof. Dr Zoran S. Mirkovi\u0107, Dean of the University of Belgrade Faculty of Law, Chairman of the Organising Committee Emeritus Prof. Dr Sima Avramovi\u0107, University of Belgrade Faculty of Law Prof. Dr Rado\u0161 Lju\u0161i\u0107, University of Belgrade Faculty of Philosophy Dr Ljubodrag P. Risti\u0107, research professor, Institute for Balkan Studies of the SASA Prof. Dr [&hellip;]<\/p>\n","protected":false},"author":1,"featured_media":0,"parent":0,"menu_order":0,"comment_status":"closed","ping_status":"closed","template":"","meta":{"footnotes":""},"class_list":["post-22","page","type-page","status-publish","hentry"],"_links":{"self":[{"href":"https:\/\/wp2008.ius.bg.ac.rs\/knezmihailo\/wp-json\/wp\/v2\/pages\/22","targetHints":{"allow":["GET"]}}],"collection":[{"href":"https:\/\/wp2008.ius.bg.ac.rs\/knezmihailo\/wp-json\/wp\/v2\/pages"}],"about":[{"href":"https:\/\/wp2008.ius.bg.ac.rs\/knezmihailo\/wp-json\/wp\/v2\/types\/page"}],"author":[{"embeddable":true,"href":"https:\/\/wp2008.ius.bg.ac.rs\/knezmihailo\/wp-json\/wp\/v2\/users\/1"}],"replies":[{"embeddable":true,"href":"https:\/\/wp2008.ius.bg.ac.rs\/knezmihailo\/wp-json\/wp\/v2\/comments?post=22"}],"version-history":[{"count":4,"href":"https:\/\/wp2008.ius.bg.ac.rs\/knezmihailo\/wp-json\/wp\/v2\/pages\/22\/revisions"}],"predecessor-version":[{"id":146,"href":"https:\/\/wp2008.ius.bg.ac.rs\/knezmihailo\/wp-json\/wp\/v2\/pages\/22\/revisions\/146"}],"wp:attachment":[{"href":"https:\/\/wp2008.ius.bg.ac.rs\/knezmihailo\/wp-json\/wp\/v2\/media?parent=22"}],"curies":[{"name":"wp","href":"https:\/\/api.w.org\/{rel}","templated":true}]}}