{"id":338,"date":"2014-09-01T12:39:31","date_gmt":"2014-09-01T10:39:31","guid":{"rendered":"http:\/\/wp2008.ius.bg.ac.rs\/kriminoloskasekcija\/?page_id=338"},"modified":"2014-09-21T12:24:12","modified_gmt":"2014-09-21T10:24:12","slug":"criminology-in-serbia","status":"publish","type":"page","link":"https:\/\/wp2008.ius.bg.ac.rs\/kriminoloskasekcija\/criminology-in-serbia\/","title":{"rendered":"Criminology in Serbia"},"content":{"rendered":"<div id=\"attachment_344\" style=\"width: 190px\" class=\"wp-caption alignright\"><a href=\"http:\/\/wp2008.ius.bg.ac.rs\/kriminoloskasekcija\/files\/2014\/09\/tahovic.jpg.w180h250.jpg\"><img loading=\"lazy\" decoding=\"async\" aria-describedby=\"caption-attachment-344\" class=\"wp-image-344 size-full\" src=\"http:\/\/wp2008.ius.bg.ac.rs\/kriminoloskasekcija\/files\/2014\/09\/tahovic.jpg.w180h250.jpg\" alt=\"tahovic.jpg.w180h250\" width=\"180\" height=\"250\" \/><\/a><p id=\"caption-attachment-344\" class=\"wp-caption-text\">Professor Janko Tahovi\u0107, the author of the first textbook on Criminology in the Serbian language<\/p><\/div>\n<p style=\"text-align: justify\">The term <em>Criminology<\/em> was first used in Serbia by Professor Toma \u017divanovi\u0107 at the begining of the 20<sup>th<\/sup> century as a generic concept for all criminal law sciences. Criminology has become a scientific discipline in Serbia after the Second World War, firstly at School of Law at the University of Belgrade.The author of the first textbook on Criminology, which was published in 1946, was Janko Tahovi\u0107, Professor at School of Law at the University of Belgrade. This textbook represented a collection of his lectures on Criminology. During the 1960s interest for this science became visible. At that time the Institute for Criminology was founded as well as Yugoslav Society for Criminology and Criminal Law. The trend of development continued until 1980s when period of stagnation ensued. During the transitional period, Criminology followed the suite. However, in past years situation has improved \u2013 the first Society of Criminology was founded, the Ministry of Science accepted to finance several projects from this field, edition <em>Crimen<\/em> was created and within it many books on criminology topics were published.<\/p>\n<p style=\"text-align: justify\"><span style=\"color: #0000ff\"><strong>Status of Criminology in educational programs<\/strong>:<\/span><\/p>\n<p>Undergraduate Studies:<\/p>\n<p>School of Law at the University in Belgrade, School of Law at the University of Novi Sad, School of Law at the University of Ni\u0161,\u00a0 School for Special Education and Rehabilitation at the University in Belgrade, School of Security Studies at the University in Belgrade, Police Academy in Belgrade.<\/p>\n<p>Mater Studies:<\/p>\n<p>School of Law at the University in Belgrade (optional subject in the criminal law program).<\/p>\n<p>School of Law at the University in Kragujevac (obligatory subject).<\/p>\n<p>PhD Studies:<\/p>\n<p>School of Law at the University in Belgrade, School of Law at the University of Kragujevac, School of Law at the University of Ni\u0161, School for Special Education and Rehabilitation at the University in Belgrade.<\/p>\n<p><span style=\"color: #0000ff\"><strong>Textbooks:<\/strong><\/span><\/p>\n<p>Janko Tahovi\u0107, Kriminologija (Criminology), Beograd, 1946.<\/p>\n<p>Milan Milutinovi\u0107, Kriminologija (Criminology), Beograd, (the first edition in 1969, the last in 1990).<\/p>\n<p>\u0110or\u0111e Ignjatovi\u0107, Kriminologija (Criminology), Beograd, 2011. (11. edition).<\/p>\n<p>Slobodanka Konstantinovi\u0107-Vili\u0107, Vesna Nikoli\u0107-Ristanovi\u0107, Miomira Kosti\u0107, Kriminologija (Criminology), Beograd, 2010.<\/p>\n<p>Milo Bo\u0161kovi\u0107, Kriminologija sa penologijom (Criminology with Penology), Novi Sad, 2000.<\/p>\n<p>Zlatko Nikoli\u0107, Kriminologija sa socijalnom patologijom (Criminology with Social Pathology), Beograd, 2000.<\/p>\n<p>&nbsp;<\/p>\n<p><a href=\"http:\/\/wp2008.ius.bg.ac.rs\/kriminoloskasekcija\/files\/2014\/09\/m.milutin.jpg.w180h266.jpg\"><img loading=\"lazy\" decoding=\"async\" class=\"alignleft wp-image-530 size-full\" src=\"http:\/\/wp2008.ius.bg.ac.rs\/kriminoloskasekcija\/files\/2014\/09\/m.milutin.jpg.w180h266.jpg\" alt=\"m.milutin.jpg.w180h266\" width=\"180\" height=\"266\" \/><\/a><\/p>\n<p>&nbsp;<\/p>\n<p>Prof. Dr Milan Milutinovi\u0107 (1916-1996) was a professor of Criminology at School of Law at the University of Belgrade, the first and for many years director at the Institute for Research in Criminology and Sociology in Belgrade. He established a Police College in Belgrade. Among many of his works, the most important are books <em>Criminology<\/em>, <em>Penology<\/em>, <em>Politics of Crime Suppression<\/em>.<\/p>\n<p>&nbsp;<\/p>\n<p>&nbsp;<\/p>\n<p>&nbsp;<\/p>\n<p>&nbsp;<\/p>\n<p>&nbsp;<\/p>\n<p><a href=\"http:\/\/wp2008.ius.bg.ac.rs\/kriminoloskasekcija\/files\/2014\/09\/peric01.jpg.w180h257.jpg\"><img loading=\"lazy\" decoding=\"async\" class=\"alignleft wp-image-533 size-full\" src=\"http:\/\/wp2008.ius.bg.ac.rs\/kriminoloskasekcija\/files\/2014\/09\/peric01.jpg.w180h257.jpg\" alt=\"peric01.jpg.w180h257\" width=\"180\" height=\"257\" \/><\/a><\/p>\n<p>&nbsp;<\/p>\n<p><span style=\"color: #000000\">Prof. Dr Obrad Peri\u0107 (1936-2011) was the first honorary president of the Section for Criminology. He was the greatest expert on juvenile criminal law and juvenile delinquency. In the period \u00a01980-1995 he was a member of the Scientific Commission within the International Society for Criminology. The author of more than 130 works from the field of Criminology and related scientific disciplines. For the scientific work he was awarded\u00a0the Medal of the City of Paris.<\/span><\/p>\n","protected":false},"excerpt":{"rendered":"<p>The term Criminology was first used in Serbia by Professor Toma \u017divanovi\u0107 at the begining of the 20th century as a generic concept for all criminal law sciences. Criminology has become a scientific discipline in Serbia after the Second World War, firstly at School of Law at the University of Belgrade.The author of the first [&hellip;]<\/p>\n","protected":false},"author":92,"featured_media":0,"parent":0,"menu_order":2,"comment_status":"closed","ping_status":"closed","template":"","meta":{"footnotes":""},"class_list":["post-338","page","type-page","status-publish","hentry"],"_links":{"self":[{"href":"https:\/\/wp2008.ius.bg.ac.rs\/kriminoloskasekcija\/wp-json\/wp\/v2\/pages\/338","targetHints":{"allow":["GET"]}}],"collection":[{"href":"https:\/\/wp2008.ius.bg.ac.rs\/kriminoloskasekcija\/wp-json\/wp\/v2\/pages"}],"about":[{"href":"https:\/\/wp2008.ius.bg.ac.rs\/kriminoloskasekcija\/wp-json\/wp\/v2\/types\/page"}],"author":[{"embeddable":true,"href":"https:\/\/wp2008.ius.bg.ac.rs\/kriminoloskasekcija\/wp-json\/wp\/v2\/users\/92"}],"replies":[{"embeddable":true,"href":"https:\/\/wp2008.ius.bg.ac.rs\/kriminoloskasekcija\/wp-json\/wp\/v2\/comments?post=338"}],"version-history":[{"count":9,"href":"https:\/\/wp2008.ius.bg.ac.rs\/kriminoloskasekcija\/wp-json\/wp\/v2\/pages\/338\/revisions"}],"predecessor-version":[{"id":535,"href":"https:\/\/wp2008.ius.bg.ac.rs\/kriminoloskasekcija\/wp-json\/wp\/v2\/pages\/338\/revisions\/535"}],"wp:attachment":[{"href":"https:\/\/wp2008.ius.bg.ac.rs\/kriminoloskasekcija\/wp-json\/wp\/v2\/media?parent=338"}],"curies":[{"name":"wp","href":"https:\/\/api.w.org\/{rel}","templated":true}]}}