{"id":348,"date":"2014-09-01T17:20:42","date_gmt":"2014-09-01T15:20:42","guid":{"rendered":"http:\/\/wp2008.ius.bg.ac.rs\/kriminoloskasekcija\/?page_id=348"},"modified":"2021-11-22T11:58:30","modified_gmt":"2021-11-22T10:58:30","slug":"journal-crimen","status":"publish","type":"page","link":"https:\/\/wp2008.ius.bg.ac.rs\/kriminoloskasekcija\/publications\/journal-crimen\/","title":{"rendered":"Journal Crimen"},"content":{"rendered":"<p style=\"text-align: center\"><strong> <a href=\"http:\/\/wp2008.ius.bg.ac.rs\/kriminoloskasekcija\/files\/2014\/09\/Crimen-casopis.jpg\"><img loading=\"lazy\" decoding=\"async\" class=\"alignleft wp-image-357 size-full\" src=\"http:\/\/wp2008.ius.bg.ac.rs\/kriminoloskasekcija\/files\/2014\/09\/Crimen-casopis.jpg\" alt=\"Crimen-casopis\" width=\"170\" height=\"247\" \/><\/a><span style=\"color: #0000ff\">Published by<\/span><\/strong><\/p>\n<p style=\"text-align: center\"><span style=\"color: #0000ff\"><strong> School of Law, University in Belgrade, Institute for Comparative Law in Belgrade, Section of Criminology of the Serbian Society for Criminal Law Theory and Practice<\/strong><\/span><\/p>\n<p style=\"text-align: center\"><strong><span style=\"color: #0000ff\">Scientific council<\/span><br \/>\n<\/strong> <i> Foreign members<\/i><\/p>\n<p style=\"text-align: center\">Prof. dr <strong>Hans-J\u00f6rg Albrecht<\/strong>, director of the Max-Planck Institute for Foreign and International Criminal Law, prof.dr<strong> Jacqueline Azzopardi<\/strong>, University in Valeta (Malta), prof.dr<strong> Michael Bock<\/strong>, University Johannes Gutenberg in Mainz (Germany), prof.dr<strong> Serge Brochu<\/strong>,University in Montreal (Canada), prof.dr <strong>Christian Grafl<\/strong>, University in\u00a0 Vienna (Austria), prof.dr<strong> Stefano Ferracuti<\/strong>, University La Sapienza in Rome (Italy), prof.dr <strong>Dragan Milovanovic<\/strong>, <span class=\"st\">Northeastern Illinois University. Chicago <\/span>(USA), academik prof.dr <strong>Eduard Filipovi\u010d <\/strong><strong>Pobegajlo<\/strong>, Moscow (Russia), prof.dr<strong> Jean Pradel<\/strong>, University Poitiers (France), prof.dr<strong> Miroslav Scheinost<\/strong>, director of the Institute of Criminology and Social Prevention, Prague, (Czech Republic), prof. dr <strong>Ulrich Sieber, <\/strong> director of the Max-Planck Institute for Foreign and International Criminal Law<\/p>\n<p style=\"text-align: center\"><span style=\"color: #000000\"><em>Members form Serbia<\/em><\/span><\/p>\n<p style=\"text-align: center\">academik prof.dr<strong> Danilo Basta<\/strong>,School of Law at the University in Belgrade, prof.dr<strong> Miroslav \u0110or\u0111evi\u0107<\/strong>,School of Law at the University in Belgrade, dr <strong>Aleksandra Rabrenovi\u0107<\/strong>,Institute for Comparative Law in Belgrade, prof.dr <strong>Dragan Simeunovi\u0107<\/strong>,School of Political Sciences, prof.dr<strong> Sne\u017eana Sokovi\u0107<\/strong>, School of Law at the University in Kragujevac, prof.dr<strong> Radenko Vukovi\u0107<\/strong>, School of Medicine at the University in Novi Sad<\/p>\n<p><span style=\"color: #0000ff\"><strong> Editorial board<\/strong><\/span><\/p>\n<p><span style=\"color: #0000ff\"><strong>Editor-in-Chief<\/strong><\/span><br \/>\n<a href=\"mailto:profstojanovic@gmail.com\">prof. dr Zoran Stojanovi\u0107<\/a>, School of Law in Belgrade<\/p>\n<p><span style=\"color: #0000ff\"><strong>Associate editor<\/strong><\/span><br \/>\nprof. dr \u0110or\u0111e Ignjatovi\u0107, School of Law in Belgrade<\/p>\n<p style=\"text-align: left\"><span style=\"color: #0000ff\"><strong>Editorial board members<\/strong><\/span><br \/>\ndr <strong>Jovan \u0106iri\u0107<\/strong>, director of the Institute for Comparative Law in\u00a0Belgrade, dr <strong>Slobodan Vukovi\u0107<\/strong>, Institute for Social Sciences in Belgrade,\u00a0prof. dr <strong>Milan \u0160kuli\u0107<\/strong>, School of Law in Belgrade, prof. dr <strong>\u0110or\u0111e \u0110or\u0111evi\u0107<\/strong>, Police Academy in\u00a0Belgrade, prof. dr <strong>Goran Ili\u0107<\/strong>, School of Law in Belgrade, prof. dr <strong>Nata\u0161a Deli\u0107<\/strong>, School of Law in Belgrade, mr <strong>Jasmina Kiurski<\/strong>, Deputy of Appelate Public Prosecutor, <strong>Damir Joka<\/strong>, Ministry of Justice,<span style=\"color: #333333\"> The Administration for the Enforcement of Penal Sanctions<\/span>, Belgrade.<\/p>\n<p><span style=\"color: #0000ff\"><strong style=\"text-align: center\">Assistants<\/strong><\/span><br \/>\ndr Vanja Bajovi\u0107, School of Law in Belgrade, Ivan \u0110oki\u0107, School of Law in Belgrade, secretary of the editorial board<br \/>\nAll\u00a0 articles submitted to the <em>CRIMEN<\/em> are peer reviewed by two anonymous peer reviewers<\/p>\n<p><em>CRIMEN<\/em> is published semiannual (April and October)<\/p>\n<p><strong>EDITORIAL ADDRESS:<\/strong><br \/>\nSchool of Law in Belgrade; Bul. K. Aleksandra 67, 11000 Beograd, Srbija<br \/>\nWeb address: <a href=\"http:\/\/crimenjournal.ius.bg.ac.rs\/default.htm\"><strong> http:\/\/www.ius.bg.ac.rs\/crimenjournal<\/strong><\/a>\u00a0 \u2022 e-mail: <a href=\"mailto:crimen@ius.bg.ac.rs\"><strong>crimen@ius.bg.ac.rs<\/strong><\/a><\/p>\n<p><strong> Ordering:<\/strong><br \/>\nSchool of Law in Belgrade- Center for publishing, Bulevar kralja Aleksandra 67,<br \/>\nphone and fax <strong><span style=\"font-weight: 400\">3027-725, 3027-776, e-mail: <a href=\"mailto:centar@ius.bg.ac.rs\"> centar@ius.bg.ac.rs<\/a>, bank account number <\/span><\/strong> 840\u20131439666\u201355.<\/p>\n","protected":false},"excerpt":{"rendered":"<p>Published by School of Law, University in Belgrade, Institute for Comparative Law in Belgrade, Section of Criminology of the Serbian Society for Criminal Law Theory and Practice Scientific council Foreign members Prof. dr Hans-J\u00f6rg Albrecht, director of the Max-Planck Institute for Foreign and International Criminal Law, prof.dr Jacqueline Azzopardi, University in Valeta (Malta), prof.dr Michael [&hellip;]<\/p>\n","protected":false},"author":92,"featured_media":0,"parent":341,"menu_order":1,"comment_status":"closed","ping_status":"closed","template":"","meta":{"footnotes":""},"class_list":["post-348","page","type-page","status-publish","hentry"],"_links":{"self":[{"href":"https:\/\/wp2008.ius.bg.ac.rs\/kriminoloskasekcija\/wp-json\/wp\/v2\/pages\/348","targetHints":{"allow":["GET"]}}],"collection":[{"href":"https:\/\/wp2008.ius.bg.ac.rs\/kriminoloskasekcija\/wp-json\/wp\/v2\/pages"}],"about":[{"href":"https:\/\/wp2008.ius.bg.ac.rs\/kriminoloskasekcija\/wp-json\/wp\/v2\/types\/page"}],"author":[{"embeddable":true,"href":"https:\/\/wp2008.ius.bg.ac.rs\/kriminoloskasekcija\/wp-json\/wp\/v2\/users\/92"}],"replies":[{"embeddable":true,"href":"https:\/\/wp2008.ius.bg.ac.rs\/kriminoloskasekcija\/wp-json\/wp\/v2\/comments?post=348"}],"version-history":[{"count":5,"href":"https:\/\/wp2008.ius.bg.ac.rs\/kriminoloskasekcija\/wp-json\/wp\/v2\/pages\/348\/revisions"}],"predecessor-version":[{"id":1054,"href":"https:\/\/wp2008.ius.bg.ac.rs\/kriminoloskasekcija\/wp-json\/wp\/v2\/pages\/348\/revisions\/1054"}],"up":[{"embeddable":true,"href":"https:\/\/wp2008.ius.bg.ac.rs\/kriminoloskasekcija\/wp-json\/wp\/v2\/pages\/341"}],"wp:attachment":[{"href":"https:\/\/wp2008.ius.bg.ac.rs\/kriminoloskasekcija\/wp-json\/wp\/v2\/media?parent=348"}],"curies":[{"name":"wp","href":"https:\/\/api.w.org\/{rel}","templated":true}]}}