{"id":350,"date":"2014-09-01T17:21:41","date_gmt":"2014-09-01T15:21:41","guid":{"rendered":"http:\/\/wp2008.ius.bg.ac.rs\/kriminoloskasekcija\/?page_id=350"},"modified":"2021-08-17T13:45:04","modified_gmt":"2021-08-17T11:45:04","slug":"monographs","status":"publish","type":"page","link":"https:\/\/wp2008.ius.bg.ac.rs\/kriminoloskasekcija\/publications\/monographs\/","title":{"rendered":"Monographs"},"content":{"rendered":"\r\n<p><a href=\"http:\/\/wp2008.ius.bg.ac.rs\/kriminoloskasekcija\/files\/2021\/08\/Milan-Skulic-Osnovi-krivicnog-prava-SAD-korice.jpg\"><br \/><img loading=\"lazy\" decoding=\"async\" class=\"wp-image-1025 alignleft\" src=\"http:\/\/wp2008.ius.bg.ac.rs\/kriminoloskasekcija\/files\/2021\/08\/Milan-Skulic-Osnovi-krivicnog-prava-SAD-korice-206x300.jpg\" alt=\"\" width=\"150\" height=\"219\" srcset=\"https:\/\/wp2008.ius.bg.ac.rs\/kriminoloskasekcija\/files\/2021\/08\/Milan-Skulic-Osnovi-krivicnog-prava-SAD-korice-206x300.jpg 206w, https:\/\/wp2008.ius.bg.ac.rs\/kriminoloskasekcija\/files\/2021\/08\/Milan-Skulic-Osnovi-krivicnog-prava-SAD-korice.jpg 660w\" sizes=\"auto, (max-width: 150px) 100vw, 150px\" \/><\/a><\/p>\r\n<p><em>Milan \u0160kuli\u0107<\/em><\/p>\r\n<p><em>Basic Elements of USA Criminal Law,<\/em> Belgrade, 2021, p. 369.<\/p>\r\n<p>ISBN 978-86-7630-953-5<\/p>\r\n<p>&nbsp;<\/p>\r\n<p>&nbsp;<\/p>\r\n<p>&nbsp;<\/p>\r\n<p>&nbsp;<\/p>\r\n<p><a href=\"http:\/\/wp2008.ius.bg.ac.rs\/kriminoloskasekcija\/files\/2021\/08\/Natalija-Lukic-Kriminalitet-kompanija-Korice-1.jpg\"><img loading=\"lazy\" decoding=\"async\" class=\"wp-image-1024 alignleft\" src=\"http:\/\/wp2008.ius.bg.ac.rs\/kriminoloskasekcija\/files\/2021\/08\/Natalija-Lukic-Kriminalitet-kompanija-Korice-1-206x300.jpg\" alt=\"\" width=\"147\" height=\"215\" srcset=\"https:\/\/wp2008.ius.bg.ac.rs\/kriminoloskasekcija\/files\/2021\/08\/Natalija-Lukic-Kriminalitet-kompanija-Korice-1-206x300.jpg 206w, https:\/\/wp2008.ius.bg.ac.rs\/kriminoloskasekcija\/files\/2021\/08\/Natalija-Lukic-Kriminalitet-kompanija-Korice-1.jpg 660w\" sizes=\"auto, (max-width: 147px) 100vw, 147px\" \/><\/a><em>Natalija Luki\u0107<\/em><\/p>\r\n<p><em>Corporate Crime &#8211; Criminological Aspect<\/em>, Belgrade, 2021, p. 201.<\/p>\r\n<p>ISBN 978-86-7630-949-8<\/p>\r\n<p>&nbsp;<\/p>\r\n<p>&nbsp;<\/p>\r\n<p>&nbsp;<\/p>\r\n<p>&nbsp;<\/p>\r\n<p><em><a href=\"http:\/\/wp2008.ius.bg.ac.rs\/kriminoloskasekcija\/files\/2021\/08\/Ivan-Djokic-Izvrsilastvo-u-krivicnom-pravu-2021-II-izdanje-Korice-1.jpg\"><img loading=\"lazy\" decoding=\"async\" class=\"wp-image-1023 alignleft\" src=\"http:\/\/wp2008.ius.bg.ac.rs\/kriminoloskasekcija\/files\/2021\/08\/Ivan-Djokic-Izvrsilastvo-u-krivicnom-pravu-2021-II-izdanje-Korice-1-206x300.jpg\" alt=\"\" width=\"146\" height=\"212\" srcset=\"https:\/\/wp2008.ius.bg.ac.rs\/kriminoloskasekcija\/files\/2021\/08\/Ivan-Djokic-Izvrsilastvo-u-krivicnom-pravu-2021-II-izdanje-Korice-1-206x300.jpg 206w, https:\/\/wp2008.ius.bg.ac.rs\/kriminoloskasekcija\/files\/2021\/08\/Ivan-Djokic-Izvrsilastvo-u-krivicnom-pravu-2021-II-izdanje-Korice-1.jpg 660w\" sizes=\"auto, (max-width: 146px) 100vw, 146px\" \/><\/a>Ivan \u0110oki\u0107<\/em><\/p>\r\n<p><em>Commission in Criminal Law<\/em>, Belgrade, 1st edition, 2020, p.221; 2nd edition 2021, p.221.<\/p>\r\n<p>ISBN 978-86-7630-921-4<\/p>\r\n<p>&nbsp;<\/p>\r\n<p>&nbsp;<\/p>\r\n<p>&nbsp;<\/p>\r\n<p>&nbsp;<\/p>\r\n<p><a href=\"http:\/\/wp2008.ius.bg.ac.rs\/kriminoloskasekcija\/files\/2021\/08\/Metodologija-istrazivanja-kriminaliteta-2018-Korica.jpg\"><img loading=\"lazy\" decoding=\"async\" class=\"wp-image-1022 alignleft\" src=\"http:\/\/wp2008.ius.bg.ac.rs\/kriminoloskasekcija\/files\/2021\/08\/Metodologija-istrazivanja-kriminaliteta-2018-Korica-206x300.jpg\" alt=\"\" width=\"150\" height=\"218\" srcset=\"https:\/\/wp2008.ius.bg.ac.rs\/kriminoloskasekcija\/files\/2021\/08\/Metodologija-istrazivanja-kriminaliteta-2018-Korica-206x300.jpg 206w, https:\/\/wp2008.ius.bg.ac.rs\/kriminoloskasekcija\/files\/2021\/08\/Metodologija-istrazivanja-kriminaliteta-2018-Korica.jpg 624w\" sizes=\"auto, (max-width: 150px) 100vw, 150px\" \/><\/a>\u0110or\u0111e Ignjatovi\u0107<\/p>\r\n<p><em>Methodology of Research in Criminology,\u00a0<\/em>Belgrade, 2018, p. 307.<\/p>\r\n<p>ISBN 978-86-7630-790-6<\/p>\r\n<p>&nbsp;<\/p>\r\n<p>&nbsp;<\/p>\r\n<p>&nbsp;<\/p>\r\n<p>&nbsp;<\/p>\r\n<p><img loading=\"lazy\" decoding=\"async\" class=\"wp-image-935 alignleft\" src=\"http:\/\/wp2008.ius.bg.ac.rs\/kriminoloskasekcija\/files\/2019\/07\/Ivan-Djokic-Opsti-pojam-krivicnog-dela-Korica-1-206x300.jpg\" alt=\"\" width=\"149\" height=\"217\" srcset=\"https:\/\/wp2008.ius.bg.ac.rs\/kriminoloskasekcija\/files\/2019\/07\/Ivan-Djokic-Opsti-pojam-krivicnog-dela-Korica-1-206x300.jpg 206w, https:\/\/wp2008.ius.bg.ac.rs\/kriminoloskasekcija\/files\/2019\/07\/Ivan-Djokic-Opsti-pojam-krivicnog-dela-Korica-1.jpg 550w\" sizes=\"auto, (max-width: 149px) 100vw, 149px\" \/><\/p>\r\n<p><em>Ivan \u0110oki\u0107<\/em><\/p>\r\n<p><em>The General Part of Criminal Offence in Anglo-American Law<\/em><\/p>\r\n<p>Belgrade, 2016, p. 282.<\/p>\r\n<p>ISBN 978-86-7630-673-2<\/p>\r\n<p>&nbsp;<\/p>\r\n<p>&nbsp;<\/p>\r\n<p>&nbsp;<\/p>\r\n<p><a href=\"http:\/\/wp2008.ius.bg.ac.rs\/kriminoloskasekcija\/files\/2014\/09\/PIKS-5-izdanje.jpg\"><img loading=\"lazy\" decoding=\"async\" class=\"wp-image-598 alignleft\" src=\"http:\/\/wp2008.ius.bg.ac.rs\/kriminoloskasekcija\/files\/2014\/09\/PIKS-5-izdanje-206x300.jpg\" alt=\"\" width=\"147\" height=\"214\" srcset=\"https:\/\/wp2008.ius.bg.ac.rs\/kriminoloskasekcija\/files\/2014\/09\/PIKS-5-izdanje-206x300.jpg 206w, https:\/\/wp2008.ius.bg.ac.rs\/kriminoloskasekcija\/files\/2014\/09\/PIKS-5-izdanje.jpg 468w\" sizes=\"auto, (max-width: 147px) 100vw, 147px\" \/><\/a><\/p>\r\n<p>\u0110or\u0111e Ignjatovi\u0107<\/p>\r\n<p>Penal Sanctions Execution Law<\/p>\r\n<p>Belgrade, 2014, p.295.<\/p>\r\n<p>ISBN 978-86-7630-532-2<\/p>\r\n<p>&nbsp;<\/p>\r\n<p>&nbsp;<\/p>\r\n<p><em>\u00a0<\/em><\/p>\r\n<p><img loading=\"lazy\" decoding=\"async\" class=\"wp-image-932 alignleft\" src=\"http:\/\/wp2008.ius.bg.ac.rs\/kriminoloskasekcija\/files\/2019\/07\/Zoran-Stojanovic-Politika-suzbijanja-kriminaliteta-Korica.jpg\" alt=\"\" width=\"157\" height=\"228\" srcset=\"https:\/\/wp2008.ius.bg.ac.rs\/kriminoloskasekcija\/files\/2019\/07\/Zoran-Stojanovic-Politika-suzbijanja-kriminaliteta-Korica.jpg 550w, https:\/\/wp2008.ius.bg.ac.rs\/kriminoloskasekcija\/files\/2019\/07\/Zoran-Stojanovic-Politika-suzbijanja-kriminaliteta-Korica-206x300.jpg 206w\" sizes=\"auto, (max-width: 157px) 100vw, 157px\" \/><\/p>\r\n<p><em>Zoran Stojanovi\u0107<\/em><\/p>\r\n<p><em>The Policy of Suppressing Crime<\/em><\/p>\r\n<p>Belgrade, 2016, p.150.<\/p>\r\n<p>ISBN 978-86-7630-671-8<\/p>\r\n<p>&nbsp;<\/p>\r\n<p>&nbsp;<\/p>\r\n<p>&nbsp;<\/p>\r\n<p style=\"color: #292929\"><a href=\"http:\/\/wp2008.ius.bg.ac.rs\/kriminoloskasekcija\/files\/2014\/09\/V-Bajovic-O-cinjenicama-i-istini.jpg\"><img loading=\"lazy\" decoding=\"async\" class=\"wp-image-707 alignleft\" src=\"http:\/\/wp2008.ius.bg.ac.rs\/kriminoloskasekcija\/files\/2014\/09\/V-Bajovic-O-cinjenicama-i-istini-206x300.jpg\" alt=\"Vanja Bajovic - O cinjenicama...\" width=\"156\" height=\"227\" srcset=\"https:\/\/wp2008.ius.bg.ac.rs\/kriminoloskasekcija\/files\/2014\/09\/V-Bajovic-O-cinjenicama-i-istini-206x300.jpg 206w, https:\/\/wp2008.ius.bg.ac.rs\/kriminoloskasekcija\/files\/2014\/09\/V-Bajovic-O-cinjenicama-i-istini.jpg 550w\" sizes=\"auto, (max-width: 156px) 100vw, 156px\" \/><\/a><em>Vanja Bajovi\u0107<\/em><\/p>\r\n<p style=\"color: #292929\"><em>About Truth and Facts in Criminal Procedure<\/em><\/p>\r\n<p style=\"color: #292929\">Belgrade, 2015, p. 233.<\/p>\r\n<p style=\"color: #292929\">ISBN\u00a0978-86-7630-603-9<\/p>\r\n<p style=\"color: #292929\">\u00a0<\/p>\r\n<p style=\"color: #292929\">\u00a0<\/p>\r\n<p style=\"color: #292929\">\u00a0<\/p>\r\n<p style=\"color: #292929\"><em><img loading=\"lazy\" decoding=\"async\" class=\"wp-image-691 alignleft\" src=\"http:\/\/wp2008.ius.bg.ac.rs\/kriminoloskasekcija\/files\/2014\/09\/korupcija-206x300.jpg\" alt=\"korupcija\" width=\"155\" height=\"226\" srcset=\"https:\/\/wp2008.ius.bg.ac.rs\/kriminoloskasekcija\/files\/2014\/09\/korupcija-206x300.jpg 206w, https:\/\/wp2008.ius.bg.ac.rs\/kriminoloskasekcija\/files\/2014\/09\/korupcija.jpg 541w\" sizes=\"auto, (max-width: 155px) 100vw, 155px\" \/>Goran P. Ili\u0107 (ed.)<\/em><\/p>\r\n<p style=\"color: #292929\"><em>Corruption &#8211; Basic Concepts and Represive Mechanisms<\/em> (2nd revised edition)<\/p>\r\n<p style=\"color: #292929\">Belgrade, 2015, p.190.<\/p>\r\n<p style=\"color: #292929\">ISBN\u00a0978-86-7630-595-7<\/p>\r\n<p style=\"color: #292929\">\u00a0<\/p>\r\n<p style=\"color: #292929\">\u00a0<\/p>\r\n<p style=\"color: #292929\">\u00a0<\/p>\r\n<p style=\"color: #292929\"><em><img loading=\"lazy\" decoding=\"async\" class=\"wp-image-654 alignleft\" src=\"http:\/\/wp2008.ius.bg.ac.rs\/kriminoloskasekcija\/files\/2014\/09\/viktimologija.opst_.deo_-207x300.jpg\" alt=\"viktimologija.opst.deo\" width=\"153\" height=\"222\" srcset=\"https:\/\/wp2008.ius.bg.ac.rs\/kriminoloskasekcija\/files\/2014\/09\/viktimologija.opst_.deo_-207x300.jpg 207w, https:\/\/wp2008.ius.bg.ac.rs\/kriminoloskasekcija\/files\/2014\/09\/viktimologija.opst_.deo_.jpg 542w\" sizes=\"auto, (max-width: 153px) 100vw, 153px\" \/>Djordje Ignjatovi\u0107<\/em><\/p>\r\n<p style=\"color: #292929\"><em>Biljana Simeunovi\u0107-Pati\u0107<\/em><\/p>\r\n<p style=\"color: #292929\"><em>Victimology, General Part<\/em>, Belgrade, 2015, p. 271.<\/p>\r\n<p style=\"color: #292929\">ISBN 978-86-7630-569-8<\/p>\r\n<p style=\"color: #292929\">\u00a0<\/p>\r\n<p style=\"color: #292929\">\u00a0<\/p>\r\n<p style=\"color: #292929\">\u00a0<\/p>\r\n<p style=\"color: #292929\"><a href=\"http:\/\/wp2008.ius.bg.ac.rs\/kriminoloskasekcija\/files\/2014\/09\/Boris-Begovic_pagenumber.001.jpg\"><img loading=\"lazy\" decoding=\"async\" class=\" wp-image-672 alignleft\" src=\"http:\/\/wp2008.ius.bg.ac.rs\/kriminoloskasekcija\/files\/2014\/09\/Boris-Begovic_pagenumber.001-246x300.jpg\" alt=\"Boris Begovic_pagenumber.001\" width=\"152\" height=\"185\" srcset=\"https:\/\/wp2008.ius.bg.ac.rs\/kriminoloskasekcija\/files\/2014\/09\/Boris-Begovic_pagenumber.001-246x300.jpg 246w, https:\/\/wp2008.ius.bg.ac.rs\/kriminoloskasekcija\/files\/2014\/09\/Boris-Begovic_pagenumber.001.jpg 475w\" sizes=\"auto, (max-width: 152px) 100vw, 152px\" \/><\/a><\/p>\r\n<p style=\"color: #292929\"><em>Boris Begovi\u0107<\/em><\/p>\r\n<p style=\"color: #292929\"><em>Economic Analysis of Deterrence<\/em>, Belgrade, 2015, p. 240<\/p>\r\n<p style=\"color: #292929\">ISBN 978-86-7630-563-6<\/p>\r\n<p style=\"color: #292929\">\u00a0<\/p>\r\n<p style=\"color: #292929\">\u00a0<\/p>\r\n<p>&nbsp;<\/p>\r\n<p style=\"color: #292929\"><a href=\"http:\/\/wp2008.ius.bg.ac.rs\/kriminoloskasekcija\/files\/2014\/09\/Crimen-29-Krivicnopravno-reagovanje-Korica-2_pagenumber.001.jpg\"><img loading=\"lazy\" decoding=\"async\" class=\" wp-image-613 alignleft\" src=\"http:\/\/wp2008.ius.bg.ac.rs\/kriminoloskasekcija\/files\/2014\/09\/Crimen-29-Krivicnopravno-reagovanje-Korica-2_pagenumber.001-248x300.jpg\" alt=\"Crimen 29 Krivicnopravno reagovanje - Korica (2)_pagenumber.001\" width=\"158\" height=\"191\" srcset=\"https:\/\/wp2008.ius.bg.ac.rs\/kriminoloskasekcija\/files\/2014\/09\/Crimen-29-Krivicnopravno-reagovanje-Korica-2_pagenumber.001-248x300.jpg 248w, https:\/\/wp2008.ius.bg.ac.rs\/kriminoloskasekcija\/files\/2014\/09\/Crimen-29-Krivicnopravno-reagovanje-Korica-2_pagenumber.001.jpg 562w\" sizes=\"auto, (max-width: 158px) 100vw, 158px\" \/><\/a><\/p>\r\n<p style=\"color: #292929\"><em>Zoran Stojanovi\u0107, Dragana Kolari\u0107<\/em><\/p>\r\n<p style=\"color: #292929\"><em>Criminal Law Suppression of Organized Crime, Terrorism and Corruption<\/em>, Belgrade, p. 272.<\/p>\r\n<p style=\"color: #292929\">ISBN\u00a0978-86-7630-533-9<\/p>\r\n<p style=\"color: #292929\">\u00a0<\/p>\r\n<p style=\"color: #292929\">\u00a0<\/p>\r\n<p style=\"color: #292929\">\u00a0<\/p>\r\n<p style=\"color: #292929\"><em><a href=\"http:\/\/wp2008.ius.bg.ac.rs\/kriminoloskasekcija\/files\/2014\/09\/PIKS-5-izdanje.jpg\"><img loading=\"lazy\" decoding=\"async\" class=\" wp-image-598 alignleft\" src=\"http:\/\/wp2008.ius.bg.ac.rs\/kriminoloskasekcija\/files\/2014\/09\/PIKS-5-izdanje-206x300.jpg\" alt=\"Djordje Ignjatovic - Pravo iz...\" width=\"151\" height=\"220\" srcset=\"https:\/\/wp2008.ius.bg.ac.rs\/kriminoloskasekcija\/files\/2014\/09\/PIKS-5-izdanje-206x300.jpg 206w, https:\/\/wp2008.ius.bg.ac.rs\/kriminoloskasekcija\/files\/2014\/09\/PIKS-5-izdanje.jpg 468w\" sizes=\"auto, (max-width: 151px) 100vw, 151px\" \/><\/a><\/em><\/p>\r\n<p style=\"color: #292929\"><em>Djor\u0111e Ignjatovi\u0107<\/em><\/p>\r\n<p style=\"color: #292929\"><em>Penal Sanctions Execution Law<\/em>, Belgrade, 2014, p. 295.<\/p>\r\n<p style=\"color: #292929\">ISBN\u00a0<span style=\"color: #000000\">978-86-7630-532-2<\/span><\/p>\r\n<p style=\"color: #292929\">\u00a0<\/p>\r\n<p style=\"color: #292929\">\u00a0<\/p>\r\n<p style=\"color: #292929\">\u00a0<\/p>\r\n<p style=\"color: #292929\">\u00a0<\/p>\r\n<p style=\"color: #292929\"><em><a href=\"http:\/\/wp2008.ius.bg.ac.rs\/kriminoloskasekcija\/files\/2014\/09\/420-432-large.jpg\"><img loading=\"lazy\" decoding=\"async\" class=\"alignleft wp-image-549\" src=\"http:\/\/wp2008.ius.bg.ac.rs\/kriminoloskasekcija\/files\/2014\/09\/420-432-large.jpg\" alt=\"420-432-large\" width=\"144\" height=\"210\" \/><\/a><\/em><\/p>\r\n<p style=\"color: #292929\"><em>Natalija Luki\u0107<\/em><\/p>\r\n<p style=\"color: #292929\"><em>Suppression of Organized Crime &#8211; Comparative View,\u00a0<\/em>Belgrade, 2014, p. 170.<\/p>\r\n<p style=\"color: #292929\">ISBN\u00a0978-86-7630-478-3<\/p>\r\n<p style=\"color: #292929\">\u00a0<\/p>\r\n<p style=\"color: #292929\">\u00a0<\/p>\r\n<p style=\"color: #292929\">\u00a0<\/p>\r\n<p>&nbsp;<\/p>\r\n<p style=\"color: #292929\"><em><a href=\"http:\/\/wp2008.ius.bg.ac.rs\/kriminoloskasekcija\/files\/2014\/09\/delic.jpg\"><img loading=\"lazy\" decoding=\"async\" class=\"alignleft wp-image-361\" src=\"http:\/\/wp2008.ius.bg.ac.rs\/kriminoloskasekcija\/files\/2014\/09\/delic.jpg\" alt=\"delic\" width=\"147\" height=\"214\" \/><\/a><\/em><\/p>\r\n<p style=\"color: #292929\"><em>Nata\u0161a Deli\u0107<\/em><\/p>\r\n<p style=\"color: #292929\"><em>New Solutions <em>of Special Part in Serbian Criminal Code<\/em>, <\/em>Belgrade, 2014, p. 253.<\/p>\r\n<p style=\"color: #292929\">ISBN\u00a0<span style=\"color: #000000\">978-86-7630-492-9<\/span><\/p>\r\n<p style=\"color: #292929\">\u00a0<\/p>\r\n<p style=\"color: #292929\">\u00a0<\/p>\r\n<p style=\"color: #292929\">\u00a0<\/p>\r\n<p style=\"color: #292929\">\u00a0<\/p>\r\n<p style=\"color: #292929\"><a style=\"color: #364d96\" href=\"http:\/\/wp2008.ius.bg.ac.rs\/kriminoloskasekcija\/files\/2014\/07\/metodologija2.jpg.w180h262.jpg\"><img loading=\"lazy\" decoding=\"async\" class=\"alignleft wp-image-177\" src=\"http:\/\/wp2008.ius.bg.ac.rs\/kriminoloskasekcija\/files\/2014\/07\/metodologija2.jpg.w180h262.jpg\" alt=\"metodologija2.jpg.w180h262\" width=\"143\" height=\"208\" \/><\/a><\/p>\r\n<p style=\"color: #292929\"><em>Djordje Ignjatovi\u0107<\/em><\/p>\r\n<p style=\"color: #292929\"><em>Methodology of Research in Criminology,\u00a0<\/em>Belgrade, 2013, p. 269.<\/p>\r\n<p style=\"color: #292929\">ISBN\u00a0<span style=\"color: #000000\">978-86-7630-473-8<\/span><\/p>\r\n<p style=\"color: #292929\">\u00a0<\/p>\r\n<p style=\"color: #292929\">\u00a0<\/p>\r\n<p style=\"color: #292929\">\u00a0<\/p>\r\n<p>&nbsp;<\/p>\r\n<p style=\"color: #292929\"><a style=\"color: #364d96\" href=\"http:\/\/wp2008.ius.bg.ac.rs\/kriminoloskasekcija\/files\/2014\/07\/Komparacija-kriminaliteta.jpg\"><img loading=\"lazy\" decoding=\"async\" class=\"alignleft wp-image-178\" src=\"http:\/\/wp2008.ius.bg.ac.rs\/kriminoloskasekcija\/files\/2014\/07\/Komparacija-kriminaliteta-206x300.jpg\" alt=\"Izgubljene kazne.cdr\" width=\"141\" height=\"205\" srcset=\"https:\/\/wp2008.ius.bg.ac.rs\/kriminoloskasekcija\/files\/2014\/07\/Komparacija-kriminaliteta-206x300.jpg 206w, https:\/\/wp2008.ius.bg.ac.rs\/kriminoloskasekcija\/files\/2014\/07\/Komparacija-kriminaliteta.jpg 468w\" sizes=\"auto, (max-width: 141px) 100vw, 141px\" \/><\/a><\/p>\r\n<p style=\"color: #292929\"><em>Djordje Ignjatovi\u0107<\/em><\/p>\r\n<p style=\"color: #292929\"><i>Comparative Analysis of Crime and Penal Reaction:<span class=\"apple-converted-space\">\u00a0<\/span>Serbia-Europe,\u00a0<\/i>Belgrade, 2013, p. 200.<b><\/b><\/p>\r\n<p style=\"color: #292929\">ISBN\u00a0<span style=\"color: #000000\">978-86-7630-438-7<\/span><\/p>\r\n<p style=\"color: #292929\">\u00a0<\/p>\r\n<p style=\"color: #292929\">\u00a0<\/p>\r\n<p style=\"color: #292929\">\u00a0<\/p>\r\n<p>&nbsp;<\/p>\r\n<p style=\"color: #292929\"><a style=\"color: #364d96\" href=\"http:\/\/wp2008.ius.bg.ac.rs\/kriminoloskasekcija\/files\/2014\/07\/victimology.jpg\"><img loading=\"lazy\" decoding=\"async\" class=\"alignleft wp-image-179\" src=\"http:\/\/wp2008.ius.bg.ac.rs\/kriminoloskasekcija\/files\/2014\/07\/victimology.jpg\" alt=\"victimology\" width=\"138\" height=\"200\" \/><\/a><\/p>\r\n<p style=\"color: #292929\"><em>Djordje Ignjatovi\u0107, Biljana Simeunovi\u0107-Pati\u0107<\/em><\/p>\r\n<p style=\"color: #292929\"><em>Victimology,\u00a0<\/em>Belgrade, 2011, p. 173.<\/p>\r\n<p style=\"color: #292929\">ISBN\u00a0<span style=\"color: #000000\">978-86-7630-301-4<\/span><\/p>\r\n<p style=\"color: #292929\">\u00a0<\/p>\r\n<p style=\"color: #292929\">\u00a0<\/p>\r\n<p style=\"color: #292929\">\u00a0<\/p>\r\n<p>&nbsp;<\/p>\r\n<p style=\"color: #292929\"><a href=\"http:\/\/wp2008.ius.bg.ac.rs\/kriminoloskasekcija\/files\/2014\/09\/171-167-large.jpg\"><img loading=\"lazy\" decoding=\"async\" class=\"alignleft wp-image-550\" src=\"http:\/\/wp2008.ius.bg.ac.rs\/kriminoloskasekcija\/files\/2014\/09\/171-167-large.jpg\" alt=\"171-167-large\" width=\"139\" height=\"203\" \/><\/a><\/p>\r\n<p style=\"color: #292929\"><em>\u00a0<\/em><em>Zoran Stojanovi\u0107, D<\/em><em>ragana Kolari\u0107<\/em><\/p>\r\n<p style=\"color: #292929\"><em>Criminal Law Reaction to Serious Forms of Crime, <\/em>Belgrade, 2010, p. 194.<\/p>\r\n<p style=\"color: #292929\">ISBN\u00a0978-86-7630-226-0<\/p>\r\n<p style=\"color: #292929\">\u00a0<\/p>\r\n<p style=\"color: #292929\">\u00a0<\/p>\r\n<p style=\"color: #292929\">\u00a0<\/p>\r\n<p>&nbsp;<\/p>\r\n<p style=\"color: #292929\"><a href=\"http:\/\/wp2008.ius.bg.ac.rs\/kriminoloskasekcija\/files\/2014\/09\/176-172-large.jpg\"><img loading=\"lazy\" decoding=\"async\" class=\"alignleft wp-image-551\" src=\"http:\/\/wp2008.ius.bg.ac.rs\/kriminoloskasekcija\/files\/2014\/09\/176-172-large.jpg\" alt=\"176-172-large\" width=\"139\" height=\"202\" \/><\/a><\/p>\r\n<p style=\"color: #292929\"><em>Vanja Bajovi\u0107<\/em><\/p>\r\n<p style=\"color: #292929\"><em>Plea Bargaining &#8211; Comparative View, <\/em>Belgrade, 2010, p. 195.<\/p>\r\n<p style=\"color: #292929\">ISBN\u00a0978-86-7630-213-0<\/p>\r\n<p style=\"color: #292929\">\u00a0<\/p>\r\n<p style=\"color: #292929\">\u00a0<\/p>\r\n<p style=\"color: #292929\">\u00a0<\/p>\r\n<p>&nbsp;<\/p>\r\n<p style=\"color: #292929\"><a href=\"http:\/\/wp2008.ius.bg.ac.rs\/kriminoloskasekcija\/files\/2014\/09\/169-295-large.jpg\"><img loading=\"lazy\" decoding=\"async\" class=\" wp-image-610 alignleft\" src=\"http:\/\/wp2008.ius.bg.ac.rs\/kriminoloskasekcija\/files\/2014\/09\/169-295-large.jpg\" alt=\"169-295-large\" width=\"133\" height=\"193\" \/><\/a><\/p>\r\n<p>&nbsp;<\/p>\r\n<p><em>\u0110or\u0111e Ignjatovi\u0107<\/em> (ed.),\u00a0<em>Theories in Criminology (collection of 58 translated texts into Serbian language of the most famous and influental criminologists starting from the works of Beccaria, Bentham, Lombroso, Ferri, Dugdale, Eysenck, Tarde, Wolfgang, Sutherland, Hirshi, Ancel, Braithwaite etc.)<\/em>, Belgrade, 2009, p. 555.<\/p>\r\n<p>ISBN 978-86-7630-211-6<\/p>\r\n<p>&nbsp;<\/p>\r\n<p>&nbsp;<\/p>\r\n<p style=\"color: #292929\"><a style=\"color: #364d96\" href=\"http:\/\/wp2008.ius.bg.ac.rs\/kriminoloskasekcija\/files\/2014\/07\/Terorizam.jpg\"><img loading=\"lazy\" decoding=\"async\" class=\"alignleft wp-image-303\" src=\"http:\/\/wp2008.ius.bg.ac.rs\/kriminoloskasekcija\/files\/2014\/07\/Terorizam.jpg\" alt=\"Terorizam\" width=\"136\" height=\"197\" \/><\/a><\/p>\r\n<p style=\"color: #292929\"><em>Dragan Simeunovi\u0107<\/em><\/p>\r\n<p style=\"color: #292929\"><em>Terrorism<\/em>, Belgrade, 2009, p. 254.<\/p>\r\n<p style=\"color: #292929\">ISBN\u00a0<span style=\"color: #000000\">978-86-7630-167-6<\/span><\/p>\r\n<p style=\"color: #292929\">\u00a0<\/p>\r\n<p style=\"color: #292929\">\u00a0<\/p>\r\n<p style=\"color: #292929\">\u00a0<\/p>\r\n<p style=\"color: #292929\">\u00a0<\/p>\r\n<p style=\"color: #292929\"><a style=\"color: #364d96\" href=\"http:\/\/wp2008.ius.bg.ac.rs\/kriminoloskasekcija\/files\/2014\/07\/DelicN.jpg\"><img loading=\"lazy\" decoding=\"async\" class=\"alignleft wp-image-307\" src=\"http:\/\/wp2008.ius.bg.ac.rs\/kriminoloskasekcija\/files\/2014\/07\/DelicN.jpg\" alt=\"DelicN\" width=\"136\" height=\"199\" \/><\/a><\/p>\r\n<p style=\"color: #292929\"><em>Nata\u0161a Deli\u0107<\/em><\/p>\r\n<p style=\"color: #292929\"><em>New Solutions of General Institutes in Serbian Criminal Code,\u00a0<\/em>Belgrade, 2009, p. 189.<\/p>\r\n<p style=\"color: #292929\">ISBN\u00a0<span style=\"color: #000000\">978-86-7630-156-0<\/span><\/p>","protected":false},"excerpt":{"rendered":"<p>Milan \u0160kuli\u0107 Basic Elements of USA Criminal Law, Belgrade, 2021, p. 369. ISBN 978-86-7630-953-5 &nbsp; &nbsp; &nbsp; &nbsp; Natalija Luki\u0107 Corporate Crime &#8211; Criminological Aspect, Belgrade, 2021, p. 201. ISBN 978-86-7630-949-8 &nbsp; &nbsp; &nbsp; &nbsp; Ivan \u0110oki\u0107 Commission in Criminal Law, Belgrade, 1st edition, 2020, p.221; 2nd edition 2021, p.221. ISBN 978-86-7630-921-4 &nbsp; &nbsp; &nbsp; [&hellip;]<\/p>\n","protected":false},"author":92,"featured_media":0,"parent":341,"menu_order":2,"comment_status":"closed","ping_status":"closed","template":"","meta":{"footnotes":""},"class_list":["post-350","page","type-page","status-publish","hentry"],"_links":{"self":[{"href":"https:\/\/wp2008.ius.bg.ac.rs\/kriminoloskasekcija\/wp-json\/wp\/v2\/pages\/350","targetHints":{"allow":["GET"]}}],"collection":[{"href":"https:\/\/wp2008.ius.bg.ac.rs\/kriminoloskasekcija\/wp-json\/wp\/v2\/pages"}],"about":[{"href":"https:\/\/wp2008.ius.bg.ac.rs\/kriminoloskasekcija\/wp-json\/wp\/v2\/types\/page"}],"author":[{"embeddable":true,"href":"https:\/\/wp2008.ius.bg.ac.rs\/kriminoloskasekcija\/wp-json\/wp\/v2\/users\/92"}],"replies":[{"embeddable":true,"href":"https:\/\/wp2008.ius.bg.ac.rs\/kriminoloskasekcija\/wp-json\/wp\/v2\/comments?post=350"}],"version-history":[{"count":45,"href":"https:\/\/wp2008.ius.bg.ac.rs\/kriminoloskasekcija\/wp-json\/wp\/v2\/pages\/350\/revisions"}],"predecessor-version":[{"id":1028,"href":"https:\/\/wp2008.ius.bg.ac.rs\/kriminoloskasekcija\/wp-json\/wp\/v2\/pages\/350\/revisions\/1028"}],"up":[{"embeddable":true,"href":"https:\/\/wp2008.ius.bg.ac.rs\/kriminoloskasekcija\/wp-json\/wp\/v2\/pages\/341"}],"wp:attachment":[{"href":"https:\/\/wp2008.ius.bg.ac.rs\/kriminoloskasekcija\/wp-json\/wp\/v2\/media?parent=350"}],"curies":[{"name":"wp","href":"https:\/\/api.w.org\/{rel}","templated":true}]}}