{"id":354,"date":"2014-09-01T17:22:42","date_gmt":"2014-09-01T15:22:42","guid":{"rendered":"http:\/\/wp2008.ius.bg.ac.rs\/kriminoloskasekcija\/?page_id=354"},"modified":"2021-08-17T15:41:32","modified_gmt":"2021-08-17T13:41:32","slug":"translations","status":"publish","type":"page","link":"https:\/\/wp2008.ius.bg.ac.rs\/kriminoloskasekcija\/publications\/translations\/","title":{"rendered":"Translations"},"content":{"rendered":"<p>&nbsp;<\/p>\n<p><a href=\"http:\/\/wp2008.ius.bg.ac.rs\/kriminoloskasekcija\/files\/2021\/08\/Organizovani-kriminalitet-II-Korica.jpg\"><img loading=\"lazy\" decoding=\"async\" class=\"wp-image-1035 alignleft\" src=\"http:\/\/wp2008.ius.bg.ac.rs\/kriminoloskasekcija\/files\/2021\/08\/Organizovani-kriminalitet-II-Korica-206x300.jpg\" alt=\"\" width=\"151\" height=\"220\" srcset=\"https:\/\/wp2008.ius.bg.ac.rs\/kriminoloskasekcija\/files\/2021\/08\/Organizovani-kriminalitet-II-Korica-206x300.jpg 206w, https:\/\/wp2008.ius.bg.ac.rs\/kriminoloskasekcija\/files\/2021\/08\/Organizovani-kriminalitet-II-Korica-704x1024.jpg 704w, https:\/\/wp2008.ius.bg.ac.rs\/kriminoloskasekcija\/files\/2021\/08\/Organizovani-kriminalitet-II-Korica-768x1117.jpg 768w, https:\/\/wp2008.ius.bg.ac.rs\/kriminoloskasekcija\/files\/2021\/08\/Organizovani-kriminalitet-II-Korica.jpg 825w\" sizes=\"auto, (max-width: 151px) 100vw, 151px\" \/><\/a><\/p>\n<p>This book consists of several translated texts that research different aspects of organized crime: Nikos Passas\/2002\/, Cross-border Crime and the Interface between Legal and Illegal Actors &#8211; in: <em>Upperworld and Underworld in Cross-border Crime<\/em> (van Dyne P, von Lampe K. and Passas N. eds., Tilburg); Federico Varese\/2014\/, Protection and Extortion &#8211; in: <em>Oxford Handbook of Organized Crime<\/em> (Paoli L., ed., Oxford); Tim Boekhout van Solinge\/2014\/, Illegal Exploitation of Natural Resources &#8211; in: Oxford Handbook of Organized Crime (Paoli L., ed., Oxford); David S.Wall \/2015\/, Dis-organized Crime &#8211; Towards a Distributred Model of the Organization of Cybercrime, European Journal of Organized Crime, n.2; Anita Lavorgna, Anna Sergi\/2016\/, Serious, therefore organized?Critique of the emerging &#8220;cyber-organized crime&#8221; rhetoric in the United Kingdom, International Journal of Cyber Criminology (IJCC), n.2; Jana Arsovska, Allum Felia\/2014\/, Women and Transnational Crime (Introduction), Trends in Organized Crime, n.1-2.<\/p>\n<p>&nbsp;<\/p>\n<p><a href=\"http:\/\/wp2008.ius.bg.ac.rs\/kriminoloskasekcija\/files\/2021\/08\/Greg-Barak-Nekontrola-moc-korpor-Korica.jpg\"><img loading=\"lazy\" decoding=\"async\" class=\"wp-image-1034 alignleft\" src=\"http:\/\/wp2008.ius.bg.ac.rs\/kriminoloskasekcija\/files\/2021\/08\/Greg-Barak-Nekontrola-moc-korpor-Korica-206x300.jpg\" alt=\"\" width=\"155\" height=\"225\" srcset=\"https:\/\/wp2008.ius.bg.ac.rs\/kriminoloskasekcija\/files\/2021\/08\/Greg-Barak-Nekontrola-moc-korpor-Korica-206x300.jpg 206w, https:\/\/wp2008.ius.bg.ac.rs\/kriminoloskasekcija\/files\/2021\/08\/Greg-Barak-Nekontrola-moc-korpor-Korica.jpg 703w\" sizes=\"auto, (max-width: 155px) 100vw, 155px\" \/><\/a>Translation of the book Unchecked Corporate Power, Why the crimes of multinational corporations are rutinized away and what we can do about it? Routledge, Abingdon, 2017. Translated by Aleksandar Stevanovi\u0107 and Milena Petrovi\u0107.<\/p>\n<p>&nbsp;<\/p>\n<p>&nbsp;<\/p>\n<p>&nbsp;<\/p>\n<p>&nbsp;<\/p>\n<p>&nbsp;<\/p>\n<p>&nbsp;<\/p>\n<p><a href=\"http:\/\/wp2008.ius.bg.ac.rs\/kriminoloskasekcija\/files\/2021\/08\/Kadenca-Tomas-Matisen.jpg\"><img loading=\"lazy\" decoding=\"async\" class=\"wp-image-1032 alignleft\" src=\"http:\/\/wp2008.ius.bg.ac.rs\/kriminoloskasekcija\/files\/2021\/08\/Kadenca-Tomas-Matisen-206x300.jpg\" alt=\"\" width=\"153\" height=\"223\" srcset=\"https:\/\/wp2008.ius.bg.ac.rs\/kriminoloskasekcija\/files\/2021\/08\/Kadenca-Tomas-Matisen-206x300.jpg 206w, https:\/\/wp2008.ius.bg.ac.rs\/kriminoloskasekcija\/files\/2021\/08\/Kadenca-Tomas-Matisen.jpg 660w\" sizes=\"auto, (max-width: 153px) 100vw, 153px\" \/><\/a>Translation of the book of Thomas Mathiesen <em>CADENZA &#8211; A professional autobiography<\/em>, EG Press Limited, London, 2017. Translated by Milica Vujani\u0107-\u0110or\u0111evi\u0107.<\/p>\n<p>&nbsp;<\/p>\n<p>&nbsp;<\/p>\n<p>&nbsp;<\/p>\n<p>&nbsp;<\/p>\n<p>&nbsp;<\/p>\n<p>&nbsp;<\/p>\n<p><a href=\"http:\/\/wp2008.ius.bg.ac.rs\/kriminoloskasekcija\/files\/2021\/08\/Norvezani-strazari-Korica-v2.jpg\"><img loading=\"lazy\" decoding=\"async\" class=\"wp-image-1031 alignleft\" src=\"http:\/\/wp2008.ius.bg.ac.rs\/kriminoloskasekcija\/files\/2021\/08\/Norvezani-strazari-Korica-v2-206x300.jpg\" alt=\"\" width=\"151\" height=\"220\" srcset=\"https:\/\/wp2008.ius.bg.ac.rs\/kriminoloskasekcija\/files\/2021\/08\/Norvezani-strazari-Korica-v2-206x300.jpg 206w, https:\/\/wp2008.ius.bg.ac.rs\/kriminoloskasekcija\/files\/2021\/08\/Norvezani-strazari-Korica-v2.jpg 660w\" sizes=\"auto, (max-width: 151px) 100vw, 151px\" \/><\/a>Translation of the book <em>Fangevoktere i konsentrasjonsleire: En sosiologisk undersokelse av norskefangevoktere i &#8220;serberleirene&#8221; i Nord-Norge i 1942-43<\/em> of the author Nils Christie. The book was translated by Prof.Rajko Bukvi\u0107 from russian version <em>\u041e\u0445\u0440\u0430\u043d\u0438\u043a\u0438 \u043a\u043e\u043d\u0446\u0435\u0442\u0440\u0430\u0446\u0438\u043e\u043d\u043d\u044b\u0445 \u041d\u043e\u0440\u0432\u0435\u0436\u0441\u043a\u0438\u0435 \u043e\u0445\u0440\u0430\u043d\u0438\u043a\u0438 \u00ab\u0441\u0435\u0440\u0431\u0441\u043a\u0438\u0445 \u043b\u0430\u0433\u0435\u0440\u0435\u0439\u00bb \u0432 \u0421\u0435\u0432\u0435\u0440\u043d\u043e\u0439 \u041d\u043e\u0440\u0432\u0435\u0433\u0438\u0438 \u0432 1942-1943\u044e \u0433\u0433\u044e \u0421\u043e\u0446\u0438\u043e\u043b\u043e\u0433\u0438\u0447\u0435\u0441\u043a\u043e\u0435 \u0438\u0441\u0441\u043b\u0435\u0434\u043e\u0432\u0430\u043d\u0438\u0435, <\/em>\u0421\u0430\u043d\u043a\u0442-\u041f\u0435\u0442\u0435\u0440\u0431\u0443\u0440\u0433. \u0410\u043b\u0435\u0442\u0435\u0439\u044f. 2017.<\/p>\n<p>&nbsp;<\/p>\n<p>&nbsp;<\/p>\n<p>&nbsp;<\/p>\n<p>&nbsp;<\/p>\n<p>&nbsp;<\/p>\n<p><a href=\"http:\/\/wp2008.ius.bg.ac.rs\/kriminoloskasekcija\/files\/2021\/07\/Organizovani-kriminalitet.jpg\"><img loading=\"lazy\" decoding=\"async\" class=\"wp-image-1014 alignleft\" src=\"http:\/\/wp2008.ius.bg.ac.rs\/kriminoloskasekcija\/files\/2021\/07\/Organizovani-kriminalitet-206x300.jpg\" alt=\"\" width=\"154\" height=\"225\" srcset=\"https:\/\/wp2008.ius.bg.ac.rs\/kriminoloskasekcija\/files\/2021\/07\/Organizovani-kriminalitet-206x300.jpg 206w, https:\/\/wp2008.ius.bg.ac.rs\/kriminoloskasekcija\/files\/2021\/07\/Organizovani-kriminalitet.jpg 660w\" sizes=\"auto, (max-width: 154px) 100vw, 154px\" \/><\/a><\/p>\n<p>This book consists of several translated texts that research different aspects of organized crime: Klaus Von Lampe &#8220;Organiserte Kriminalit\u00e4t&#8221; Europ\u00e4ische und Amerikanische Perspektiven im Historischen R\u00fcckblick; Cyrille Fijnaut and Letizia Paoli &#8220;Organized Crime and its Control Policies&#8221;; Ernesto Savona &#8220;Rechtstradition und Verbrechenswirklichkeit. Wandel und Kontinuit\u00e4t der Rechtsinstrumente zur Bek\u00e4mpfung der Organisierten Kriminalit\u00e4t&#8221;; Petrus van Duyne &#8220;Money-Laundering Pavlov`s Dog and beyond&#8221;; Vimar Kumar and Stergios Skaperdas &#8220;On the Economics of Organized Crime&#8221;; Margaret Beare &#8220;Corruption and Organized Crime: Lessons from History&#8221;; Matthias Braasch &#8220;Politische Korruption in Deutschland: Ph\u00e4nomenologie, Strafbarkeit, Pr\u00e4vention&#8221;; Klaus Bayer &#8220;Finanzermittlungen &#8211; Aktuelle Strategien der Kriminalit\u00e4tsbek\u00e4mfung&#8221;.<\/p>\n<p>&nbsp;<\/p>\n<p>&nbsp;<\/p>\n<p>&nbsp;<\/p>\n<p><a href=\"http:\/\/wp2008.ius.bg.ac.rs\/kriminoloskasekcija\/files\/2021\/07\/pepinsky.jpg\"><img loading=\"lazy\" decoding=\"async\" class=\"wp-image-1013 alignleft\" src=\"http:\/\/wp2008.ius.bg.ac.rs\/kriminoloskasekcija\/files\/2021\/07\/pepinsky-206x300.jpg\" alt=\"\" width=\"156\" height=\"227\" srcset=\"https:\/\/wp2008.ius.bg.ac.rs\/kriminoloskasekcija\/files\/2021\/07\/pepinsky-206x300.jpg 206w, https:\/\/wp2008.ius.bg.ac.rs\/kriminoloskasekcija\/files\/2021\/07\/pepinsky.jpg 650w\" sizes=\"auto, (max-width: 156px) 100vw, 156px\" \/><\/a><\/p>\n<p>Translation of the book <em>Peacemaking &#8211; Reflections of a Radical Criminologist<\/em> of the author Hal Pepinsky. The book was translated by Nikola Vuji\u010di\u0107 and Aleksandar Stevanovi\u0107.<\/p>\n<p>&nbsp;<\/p>\n<p>&nbsp;<\/p>\n<p>&nbsp;<\/p>\n<p>&nbsp;<\/p>\n<p>&nbsp;<\/p>\n<p><a href=\"http:\/\/wp2008.ius.bg.ac.rs\/kriminoloskasekcija\/files\/2021\/07\/Tomas-Matisen-Zatvor-na-optuzenickoj-klupi-Korica.jpg\"><br \/>\n<img loading=\"lazy\" decoding=\"async\" class=\"wp-image-1012 alignleft\" src=\"http:\/\/wp2008.ius.bg.ac.rs\/kriminoloskasekcija\/files\/2021\/07\/Tomas-Matisen-Zatvor-na-optuzenickoj-klupi-Korica-206x300.jpg\" alt=\"\" width=\"160\" height=\"233\" srcset=\"https:\/\/wp2008.ius.bg.ac.rs\/kriminoloskasekcija\/files\/2021\/07\/Tomas-Matisen-Zatvor-na-optuzenickoj-klupi-Korica-206x300.jpg 206w, https:\/\/wp2008.ius.bg.ac.rs\/kriminoloskasekcija\/files\/2021\/07\/Tomas-Matisen-Zatvor-na-optuzenickoj-klupi-Korica.jpg 550w\" sizes=\"auto, (max-width: 160px) 100vw, 160px\" \/><\/a><\/p>\n<p>Translation of the book <em>Prison on Trial<\/em> of the author Thomas Mathiesen. Nikola Vuji\u010di\u0107 and Aleksandra Lozi\u0107 translated the book into Serbian.<\/p>\n<p>&nbsp;<\/p>\n<p>&nbsp;<\/p>\n<p>&nbsp;<\/p>\n<p>&nbsp;<\/p>\n<p>&nbsp;<\/p>\n<p>&nbsp;<\/p>\n<p><a href=\"http:\/\/wp2008.ius.bg.ac.rs\/kriminoloskasekcija\/files\/2014\/09\/n.krisiti.korica.jpg\"><img loading=\"lazy\" decoding=\"async\" class=\"wp-image-700 alignleft\" src=\"http:\/\/wp2008.ius.bg.ac.rs\/kriminoloskasekcija\/files\/2014\/09\/n.krisiti.korica-206x300.jpg\" alt=\"n.krisiti.korica\" width=\"157\" height=\"229\" srcset=\"https:\/\/wp2008.ius.bg.ac.rs\/kriminoloskasekcija\/files\/2014\/09\/n.krisiti.korica-206x300.jpg 206w, https:\/\/wp2008.ius.bg.ac.rs\/kriminoloskasekcija\/files\/2014\/09\/n.krisiti.korica.jpg 541w\" sizes=\"auto, (max-width: 157px) 100vw, 157px\" \/><\/a>Translation of the book Limits to Pain of the author Nils Christie. The book was translated by Nikola Vuji\u010di\u0107.<\/p>\n<p>&nbsp;<\/p>\n<p>&nbsp;<\/p>\n<p>&nbsp;<\/p>\n<p>&nbsp;<\/p>\n<p>&nbsp;<\/p>\n<p>&nbsp;<\/p>\n<p><a href=\"http:\/\/wp2008.ius.bg.ac.rs\/kriminoloskasekcija\/files\/2014\/09\/Howard.jpg\"><img loading=\"lazy\" decoding=\"async\" class=\"wp-image-699 alignleft\" src=\"http:\/\/wp2008.ius.bg.ac.rs\/kriminoloskasekcija\/files\/2014\/09\/Howard-207x300.jpg\" alt=\"Howard\" width=\"156\" height=\"226\" srcset=\"https:\/\/wp2008.ius.bg.ac.rs\/kriminoloskasekcija\/files\/2014\/09\/Howard-207x300.jpg 207w, https:\/\/wp2008.ius.bg.ac.rs\/kriminoloskasekcija\/files\/2014\/09\/Howard.jpg 624w\" sizes=\"auto, (max-width: 156px) 100vw, 156px\" \/><\/a><\/p>\n<p>&nbsp;<\/p>\n<p>Translation of the book <em>The State of Prisons<\/em> of the author John Howard. The book was translated by Dragica\u00a0 Ljubi\u010di\u0107.<\/p>\n<p>&nbsp;<\/p>\n<p>&nbsp;<\/p>\n<p>&nbsp;<\/p>\n<p>&nbsp;<\/p>\n<p>&nbsp;<\/p>\n<p><img loading=\"lazy\" decoding=\"async\" class=\"alignleft wp-image-537\" src=\"http:\/\/wp2008.ius.bg.ac.rs\/kriminoloskasekcija\/files\/2014\/09\/potkulturanasilja.jpg.w180h262.jpg\" alt=\"potkulturanasilja.jpg.w180h262\" width=\"156\" height=\"227\" \/><\/p>\n<p style=\"color: #292929\">Translation of the book <em>Subculture of Violence<\/em> of the authors Marvin Wolfgang and Franco Ferracuti. The book was translated by Dragica Ljubi\u010di\u0107.<\/p>\n<p>&nbsp;<\/p>\n<p>&nbsp;<\/p>\n<p>&nbsp;<\/p>\n<p>&nbsp;<\/p>\n<p>&nbsp;<\/p>\n<p>&nbsp;<\/p>\n<p style=\"color: #292929\"><a href=\"http:\/\/wp2008.ius.bg.ac.rs\/kriminoloskasekcija\/files\/2014\/09\/Zolo.22.jpg\"><img loading=\"lazy\" decoding=\"async\" class=\"alignleft wp-image-536\" src=\"http:\/\/wp2008.ius.bg.ac.rs\/kriminoloskasekcija\/files\/2014\/09\/Zolo.22-204x300.jpg\" alt=\"Zolo.22\" width=\"154\" height=\"226\" srcset=\"https:\/\/wp2008.ius.bg.ac.rs\/kriminoloskasekcija\/files\/2014\/09\/Zolo.22-204x300.jpg 204w, https:\/\/wp2008.ius.bg.ac.rs\/kriminoloskasekcija\/files\/2014\/09\/Zolo.22.jpg 545w\" sizes=\"auto, (max-width: 154px) 100vw, 154px\" \/><\/a><\/p>\n<p style=\"color: #292929\">Translation of the book\u00a0<em>Chi Dice Umanit\u00e0 (Who says humanity) <\/em>of the author Danilo Zolo. The book was translated by Zoran Katani\u0107.<\/p>\n<p>&nbsp;<\/p>\n<p>&nbsp;<\/p>\n<p>&nbsp;<\/p>\n<p>&nbsp;<\/p>\n<p>&nbsp;<\/p>\n<p>&nbsp;<\/p>\n<p style=\"color: #292929\"><a style=\"color: #364d96\" href=\"http:\/\/wp2008.ius.bg.ac.rs\/kriminoloskasekcija\/files\/2014\/08\/Crimen-20-Markus-Felson-Zlocin-i-svakodnevni-zivot.jpg\"><img loading=\"lazy\" decoding=\"async\" class=\"alignleft wp-image-250\" src=\"http:\/\/wp2008.ius.bg.ac.rs\/kriminoloskasekcija\/files\/2014\/08\/Crimen-20-Markus-Felson-Zlocin-i-svakodnevni-zivot-206x300.jpg\" alt=\"Crimen 20 Markus Felson - Zlocin i svakodnevni zivot\" width=\"156\" height=\"227\" srcset=\"https:\/\/wp2008.ius.bg.ac.rs\/kriminoloskasekcija\/files\/2014\/08\/Crimen-20-Markus-Felson-Zlocin-i-svakodnevni-zivot-206x300.jpg 206w, https:\/\/wp2008.ius.bg.ac.rs\/kriminoloskasekcija\/files\/2014\/08\/Crimen-20-Markus-Felson-Zlocin-i-svakodnevni-zivot.jpg 487w\" sizes=\"auto, (max-width: 156px) 100vw, 156px\" \/><\/a><\/p>\n<p style=\"color: #292929\">Translation of the book <em>Crime and Everyday Life<\/em> of the author Marcus Felson. The book was translated by Natalija Luki\u0107.<\/p>\n<p>&nbsp;<\/p>\n<p>&nbsp;<\/p>\n<p>&nbsp;<\/p>\n<p>&nbsp;<\/p>\n<p>&nbsp;<\/p>\n<p>&nbsp;<\/p>\n<p style=\"color: #292929\"><a style=\"color: #364d96\" href=\"http:\/\/wp2008.ius.bg.ac.rs\/kriminoloskasekcija\/files\/2014\/08\/izgubljenekazne.jpg.w180h262.jpg\"><img loading=\"lazy\" decoding=\"async\" class=\"alignleft wp-image-254\" src=\"http:\/\/wp2008.ius.bg.ac.rs\/kriminoloskasekcija\/files\/2014\/08\/izgubljenekazne.jpg.w180h262.jpg\" alt=\"izgubljenekazne.jpg.w180h262\" width=\"156\" height=\"227\" \/><\/a><\/p>\n<p style=\"color: #292929\">Translation of the book\u00a0<i>Peines Perdues (Lost Penalties)<\/i> of the authors\u00a0<span lang=\"SR\">Louk Hulsman and<\/span><span lang=\"FR\">\u00a0Jacqueline Bernat de Celis. The book was translated by Ivana \u0110oki\u0107.<\/span><\/p>\n<p>&nbsp;<\/p>\n<p>&nbsp;<\/p>\n<p>&nbsp;<\/p>\n<p>&nbsp;<\/p>\n<p>&nbsp;<\/p>\n<p>&nbsp;<\/p>\n<p style=\"color: #292929\"><a style=\"color: #364d96\" href=\"http:\/\/wp2008.ius.bg.ac.rs\/kriminoloskasekcija\/files\/2014\/08\/170-166-large1.jpg\"><img loading=\"lazy\" decoding=\"async\" class=\"alignleft wp-image-262\" src=\"http:\/\/wp2008.ius.bg.ac.rs\/kriminoloskasekcija\/files\/2014\/08\/170-166-large1.jpg\" alt=\"170-166-large\" width=\"159\" height=\"232\" \/><\/a><\/p>\n<p style=\"color: #292929\">Translation of the book\u00a0<i>De l&#8217;anthropologie \u00e0 la criminologie compare (From Anthropology to Comparative Criminology)\u00a0<\/i>of the author Denis Szabo. The book was translated by Ivana \u0110oki\u0107.<\/p>\n<p>&nbsp;<\/p>\n<p>&nbsp;<\/p>\n<p>&nbsp;<\/p>\n<p>&nbsp;<\/p>\n<p>&nbsp;<\/p>\n<p>&nbsp;<\/p>\n<p style=\"color: #292929\"><a style=\"color: #364d96\" href=\"http:\/\/wp2008.ius.bg.ac.rs\/kriminoloskasekcija\/files\/2014\/08\/komparativnokrivicnopravo.jpg.w180h262.jpg\"><img loading=\"lazy\" decoding=\"async\" class=\"alignleft wp-image-265\" src=\"http:\/\/wp2008.ius.bg.ac.rs\/kriminoloskasekcija\/files\/2014\/08\/komparativnokrivicnopravo.jpg.w180h262.jpg\" alt=\"komparativnokrivicnopravo.jpg.w180h262\" width=\"159\" height=\"232\" \/><\/a><\/p>\n<p style=\"color: #292929\">Translation of the book <em>Droit penal compare<\/em> (Comparative Criminal Law) of the author Jean Pradel. The book was translated by prof. dr Obrad Peri\u0107.<\/p>\n<p>&nbsp;<\/p>\n<p>&nbsp;<\/p>\n<p>&nbsp;<\/p>\n<p>&nbsp;<\/p>\n<p>&nbsp;<\/p>\n<p>&nbsp;<\/p>\n<p style=\"color: #292929\"><a style=\"color: #364d96\" href=\"http:\/\/wp2008.ius.bg.ac.rs\/kriminoloskasekcija\/files\/2014\/08\/amerika.jpg.w180h243.jpg\"><img loading=\"lazy\" decoding=\"async\" class=\"alignleft wp-image-270\" src=\"http:\/\/wp2008.ius.bg.ac.rs\/kriminoloskasekcija\/files\/2014\/08\/amerika.jpg.w180h243.jpg\" alt=\"amerika.jpg.w180h243\" width=\"159\" height=\"215\" \/><\/a><\/p>\n<p style=\"color: #292929\">Translation of the book <em>Crime in America: Observations on Its Nature, Causes, Prevention and Control <\/em>of the author Ramsey Clark. The book was translated by dr Biljana Simeunovi\u0107-Pati\u0107.<\/p>\n<p>&nbsp;<\/p>\n<p>&nbsp;<\/p>\n<p>&nbsp;<\/p>\n<p>&nbsp;<\/p>\n<p>&nbsp;<\/p>\n<p style=\"color: #292929\"><a style=\"color: #364d96\" href=\"http:\/\/wp2008.ius.bg.ac.rs\/kriminoloskasekcija\/files\/2014\/08\/pradel.jpg.w180h244.jpg\"><img loading=\"lazy\" decoding=\"async\" class=\"alignleft wp-image-271\" src=\"http:\/\/wp2008.ius.bg.ac.rs\/kriminoloskasekcija\/files\/2014\/08\/pradel.jpg.w180h244.jpg\" alt=\"pradel.jpg.w180h244\" width=\"162\" height=\"220\" \/><\/a><\/p>\n<p style=\"color: #292929\">Translation of the book <em>Histoire des doctrines penales<\/em> (History of\u00a0 Penal Doctrine) of the author Jean Pradel. The book was translated by prof. dr Obrad Peri\u0107.<\/p>\n","protected":false},"excerpt":{"rendered":"<p>&nbsp; This book consists of several translated texts that research different aspects of organized crime: Nikos Passas\/2002\/, Cross-border Crime and the Interface between Legal and Illegal Actors &#8211; in: Upperworld and Underworld in Cross-border Crime (van Dyne P, von Lampe K. and Passas N. eds., Tilburg); Federico Varese\/2014\/, Protection and Extortion &#8211; in: Oxford Handbook [&hellip;]<\/p>\n","protected":false},"author":92,"featured_media":0,"parent":341,"menu_order":4,"comment_status":"closed","ping_status":"closed","template":"","meta":{"footnotes":""},"class_list":["post-354","page","type-page","status-publish","hentry"],"_links":{"self":[{"href":"https:\/\/wp2008.ius.bg.ac.rs\/kriminoloskasekcija\/wp-json\/wp\/v2\/pages\/354","targetHints":{"allow":["GET"]}}],"collection":[{"href":"https:\/\/wp2008.ius.bg.ac.rs\/kriminoloskasekcija\/wp-json\/wp\/v2\/pages"}],"about":[{"href":"https:\/\/wp2008.ius.bg.ac.rs\/kriminoloskasekcija\/wp-json\/wp\/v2\/types\/page"}],"author":[{"embeddable":true,"href":"https:\/\/wp2008.ius.bg.ac.rs\/kriminoloskasekcija\/wp-json\/wp\/v2\/users\/92"}],"replies":[{"embeddable":true,"href":"https:\/\/wp2008.ius.bg.ac.rs\/kriminoloskasekcija\/wp-json\/wp\/v2\/comments?post=354"}],"version-history":[{"count":15,"href":"https:\/\/wp2008.ius.bg.ac.rs\/kriminoloskasekcija\/wp-json\/wp\/v2\/pages\/354\/revisions"}],"predecessor-version":[{"id":1036,"href":"https:\/\/wp2008.ius.bg.ac.rs\/kriminoloskasekcija\/wp-json\/wp\/v2\/pages\/354\/revisions\/1036"}],"up":[{"embeddable":true,"href":"https:\/\/wp2008.ius.bg.ac.rs\/kriminoloskasekcija\/wp-json\/wp\/v2\/pages\/341"}],"wp:attachment":[{"href":"https:\/\/wp2008.ius.bg.ac.rs\/kriminoloskasekcija\/wp-json\/wp\/v2\/media?parent=354"}],"curies":[{"name":"wp","href":"https:\/\/api.w.org\/{rel}","templated":true}]}}