{"id":393,"date":"2014-09-02T16:22:40","date_gmt":"2014-09-02T14:22:40","guid":{"rendered":"http:\/\/wp2008.ius.bg.ac.rs\/kriminoloskasekcija\/?page_id=393"},"modified":"2019-03-19T15:05:54","modified_gmt":"2019-03-19T14:05:54","slug":"honorary-members","status":"publish","type":"page","link":"https:\/\/wp2008.ius.bg.ac.rs\/kriminoloskasekcija\/honorary-members\/","title":{"rendered":"Honorary members"},"content":{"rendered":"<h3><strong><span style=\"color: #0000ff\">List of the honorary members of the Section of Criminology<\/span><\/strong><\/h3>\n<p>&nbsp;<\/p>\n<p><span style=\"color: #000000\">Prof. Dr. Dr. h.c.\u00a0<strong>Hans-J\u00f6rg Albrecht<\/strong>,\u00a0Max Planck Institute for Foreign and International Criminal Law in Freiburg \/ Germany<\/span><\/p>\n<p><span style=\"color: #000000\">Dr\u00a0<strong>Jacqueline Azzopardi<\/strong>, \u00a0Faculty for Social Wellbeing, University of Malta<\/span><\/p>\n<p><span style=\"color: #000000\">Prof. Dr <strong>Gregg Barak<\/strong>, Eastern Michigan University<\/span><\/p>\n<p><span style=\"color: #000000\">Ass.-Prof.in Mag.ra Dr.in\u00a0<strong>Katharina Beclin<\/strong>,\u00a0University of Vienna,\u00a0Institute for\u00a0Criminal Law and Criminology<\/span><\/p>\n<p style=\"color: #b51f24\"><span style=\"color: #000000\">Prof. Dr <strong>Alfred Blumstein<\/strong>,\u00a0J. Erik Jonsson University, Carnegie Mellon University<\/span><\/p>\n<p style=\"color: #2c2c2c\"><span style=\"color: #000000\">Prof. Dr. Dr. <strong>Michael Bock<\/strong>,\u00a0Johannes Gutenberg-University<\/span><\/p>\n<p style=\"color: #2c2c2c\"><span style=\"color: #000000\">Prof. Dr<strong style=\"color: #000000\"> John Braithwaite,\u00a0<\/strong>Australian National University<\/span><\/p>\n<p style=\"color: #2c2c2c\"><span style=\"color: #000000\">Prof. Dr <strong>Serge Brochu<\/strong>,\u00a0University of Montreal<\/span><\/p>\n<p style=\"color: #2c2c2c\">Prof. Dr\u00a0<strong>Petrus van Duyne,\u00a0<\/strong>University of\u00a0Tilburg, the Netherlands<strong>\u00a0<\/strong><\/p>\n<p style=\"color: #2c2c2c\"><span style=\"color: #000000\">Prof. Dr <strong>Malcolm Evans<\/strong>, University of Bristol Law School<\/span><\/p>\n<p style=\"color: #2c2c2c\"><span style=\"color: #000000\">Prof. Dr <strong>Marcus Felson<\/strong>,\u00a0Texas State University<\/span><\/p>\n<p style=\"color: #2c2c2c\"><span style=\"color: #000000\">Prof. Dr\u00a0<strong style=\"color: #000000\">Stefano Ferracuti,\u00a0<\/strong>Sapienza University of Rome<\/span><\/p>\n<p style=\"color: #2c2c2c\"><span style=\"color: #000000\">Prof. Dr <strong>Jeff Ferrell<\/strong>,\u00a0Texas Christian University, USA<\/span><\/p>\n<p style=\"color: #2c2c2c\">Prof. Dr\u00a0<strong><span style=\"color: #000000\">Cyrille Fijnaut<\/span>,\u00a0<\/strong><span style=\"color: #000000\">Tilburg University, the Netherlands<strong>\u00a0<\/strong><\/span><\/p>\n<p style=\"color: #2c2c2c\"><span style=\"color: #000000\">Prof. Dr <strong>David O. Friedrichs<\/strong>,\u00a0University of Scranton (Pennsylvania, USA)<\/span><\/p>\n<p style=\"color: #000000\"><span style=\"color: #000000\">Univ.-Prof. Dr. <strong>Christian Grafl,\u00a0<\/strong>University of Vienna,\u00a0Institute for\u00a0Criminal Law and Criminology<\/span><\/p>\n<p style=\"color: #000000\"><span style=\"color: #000000\">Prof. Dr <strong>Jack Katz<\/strong>,\u00a0UCLA Department of Sociology, USA<\/span><\/p>\n<p id=\"parent-fieldname-title\" class=\"documentFirstHeading\" style=\"color: #32414b\"><span style=\"color: #000000\">Professor em. Dr. iur. <strong>Hans-J\u00fcrgen Kerner, <\/strong>Institute for Criminology, University of\u00a0T\u00fcbingen<\/span><\/p>\n<p style=\"color: #000000\"><span style=\"color: #000000\">Assoz.-Prof. Mag. Dr. <strong>Robert Kert<\/strong>,\u00a0University of Vienna,\u00a0Institute for\u00a0Criminal Law and Criminology<\/span><\/p>\n<p style=\"color: #000000\">Prof. Dr <strong>Klaus von Lampe<\/strong>,\u00a0John Jay College of Criminal Justice<\/p>\n<p style=\"color: #000000\"><span style=\"color: #000000\">Prof.Dr <strong>John Laub<\/strong>,\u00a0Department of Criminology and Criminal Justice at the University of Maryland, College Park<\/span><\/p>\n<p style=\"color: #000000\">Ass. Prof. Dr\u00a0<strong>Gema Marotta,\u00a0<\/strong>Sapienza University of Rome<\/p>\n<p style=\"color: #000000\">Prof. Dr <strong>Thomas Mathiesen<\/strong>,\u00a0University of Oslo, Faculty of Law,\u00a0Department of Criminology and Sociology of Law<\/p>\n<p style=\"color: #000000\"><span style=\"color: #000000\">Prof. Dr\u00a0<strong>James Messerschmidt, <\/strong>University of Southern Maine, Criminology Department<\/span><\/p>\n<p style=\"color: #000000\"><span style=\"color: #000000\">Prof. Dr <strong>Dragan Milovanovic<\/strong>,\u00a0Northeastern Illinois University<\/span><\/p>\n<p style=\"color: #000000\">Prof. Dr\u00a0<strong>Letizia Paoli, <\/strong>University of\u00a0Leuven\u00a0Faculty of Law<\/p>\n<p style=\"color: #000000\"><span style=\"color: #000000\">Prof. Dr <strong>Jean Pradel<\/strong>,\u00a0Faculty of Law of Poitiers<\/span><\/p>\n<p style=\"color: #000000\">Prof. Dr\u00a0<strong>Matthew Robinson,\u00a0<\/strong>Appalachian State University (ASU) in Boone<\/p>\n<p style=\"color: #000000\">Prof. Dr <strong>Robert Sampson<\/strong>,\u00a0Social Sciences at Harvard University<\/p>\n<p style=\"color: #000000\">Prof. Dr <strong>Ernesto Savona<\/strong>,\u00a0Director of TRANSCRIME, Joint Research Centre of the\u00a0Universit\u00e0 Cattolica del Sacro Cuore<\/p>\n<p style=\"color: #000000\">Prof. Dr\u00a0<b>Gilda Scardaccione,\u00a0<\/b>University G. D&#8217;Annunzio Chieti Pescara<\/p>\n<p style=\"color: #000000\">Dr\u00a0<span class=\"refName\" style=\"font-weight: bold\">Miroslav Scheinost<\/span>,\u00a0<span class=\"refName\">Institute of Criminology\u00a0<\/span>and Social Prevention, Prague,\u00a0Czech Republic<\/p>\n<p style=\"color: #000000\">Prof. Dr\u00a0<strong>Lynne Segal,\u00a0<\/strong>Birkbeck College, London<\/p>\n<p style=\"color: #000000\">Prof. Dr\u00a0<strong>Denis Szabo<\/strong>, University of Montreal<\/p>\n<p style=\"color: #000000\">Prof. Dr <strong>Bryan Vila<\/strong>,\u00a0WSU Spokane, Department of Criminal Justice and Criminology<\/p>\n<p style=\"color: #000000\"><strong><span style=\"color: #0000ff\">List of the honorary members from the Region<\/span><\/strong><\/p>\n<p style=\"color: #000000\">Prof. dr<b> Ljup\u010do Arnaudovski,<\/b> School of Law in Skopje<\/p>\n<p style=\"color: #000000\"><span lang=\"HR\">Prof. dr<\/span><b><span lang=\"HR\"> Oliver Ba\u010danovi\u0107,<\/span><\/b><span lang=\"HR\"> School for Security Studies, University\u00a0<\/span><span lang=\"HR\">&#8221;Sv. Kliment Ohridski&#8221;, Skopje<\/span><\/p>\n<p style=\"color: #000000\">Prof. dr <strong>Gorazd Me\u0161ko<\/strong>, School for Security Studies in Maribor, University of Ljubljana<\/p>\n<p style=\"color: #000000\">Prof. dr <strong>Ljiljana Mik\u0161aj-Todorovi\u0107<\/strong>, School of Education and Rehabilitation, University of Zagreb<\/p>\n<p style=\"color: #000000\">Prof. dr <strong>Bo\u0161tjan Zupan\u010di\u0107<\/strong>, School of Law,\u00a0University of Ljubljana<\/p>\n<p style=\"color: #000000\">Ass.Professor Dr <strong>Katja Eman<\/strong><\/p>\n<p>&nbsp;<\/p>\n<p>&nbsp;<\/p>\n<p><span style=\"color: #000000\">\u00a0<\/span><\/p>\n<p>&nbsp;<\/p>\n","protected":false},"excerpt":{"rendered":"<p>List of the honorary members of the Section of Criminology &nbsp; Prof. Dr. Dr. h.c.\u00a0Hans-J\u00f6rg Albrecht,\u00a0Max Planck Institute for Foreign and International Criminal Law in Freiburg \/ Germany Dr\u00a0Jacqueline Azzopardi, \u00a0Faculty for Social Wellbeing, University of Malta Prof. Dr Gregg Barak, Eastern Michigan University Ass.-Prof.in Mag.ra Dr.in\u00a0Katharina Beclin,\u00a0University of Vienna,\u00a0Institute for\u00a0Criminal Law and Criminology Prof. [&hellip;]<\/p>\n","protected":false},"author":92,"featured_media":0,"parent":0,"menu_order":6,"comment_status":"closed","ping_status":"closed","template":"","meta":{"footnotes":""},"class_list":["post-393","page","type-page","status-publish","hentry"],"_links":{"self":[{"href":"https:\/\/wp2008.ius.bg.ac.rs\/kriminoloskasekcija\/wp-json\/wp\/v2\/pages\/393","targetHints":{"allow":["GET"]}}],"collection":[{"href":"https:\/\/wp2008.ius.bg.ac.rs\/kriminoloskasekcija\/wp-json\/wp\/v2\/pages"}],"about":[{"href":"https:\/\/wp2008.ius.bg.ac.rs\/kriminoloskasekcija\/wp-json\/wp\/v2\/types\/page"}],"author":[{"embeddable":true,"href":"https:\/\/wp2008.ius.bg.ac.rs\/kriminoloskasekcija\/wp-json\/wp\/v2\/users\/92"}],"replies":[{"embeddable":true,"href":"https:\/\/wp2008.ius.bg.ac.rs\/kriminoloskasekcija\/wp-json\/wp\/v2\/comments?post=393"}],"version-history":[{"count":16,"href":"https:\/\/wp2008.ius.bg.ac.rs\/kriminoloskasekcija\/wp-json\/wp\/v2\/pages\/393\/revisions"}],"predecessor-version":[{"id":867,"href":"https:\/\/wp2008.ius.bg.ac.rs\/kriminoloskasekcija\/wp-json\/wp\/v2\/pages\/393\/revisions\/867"}],"wp:attachment":[{"href":"https:\/\/wp2008.ius.bg.ac.rs\/kriminoloskasekcija\/wp-json\/wp\/v2\/media?parent=393"}],"curies":[{"name":"wp","href":"https:\/\/api.w.org\/{rel}","templated":true}]}}